{"id":104,"date":"2011-11-16T08:59:53","date_gmt":"2011-11-16T07:59:53","guid":{"rendered":"http:\/\/sven-ove.nu\/?page_id=104"},"modified":"2018-09-25T21:10:32","modified_gmt":"2018-09-25T20:10:32","slug":"lankar","status":"publish","type":"page","link":"https:\/\/sven-ove.nu\/?page_id=104","title":{"rendered":"L\u00e4nkar"},"content":{"rendered":"<p>1994 b\u00f6rjade jag surfa p\u00e5 n\u00e4tet i jobbet som informat\u00f6r p\u00e5 R\u00e4ddningsverket. D\u00e5 fanns det 10 000 webbplatser i v\u00e4rlden och det k\u00e4ndes som om jag bes\u00f6kte varenda en. Nu \u00e4r internet livsstil, kunskapsk\u00e4lla, jobbverktyg, irritation och underh\u00e5llning, f\u00f6r mig som f\u00f6r andra.<em> (Sidan under uppdatering).<\/em><\/p>\n<p><strong>Facebookl\u00e4nkar (inte helt f\u00e4rska men bra att ha)<\/strong><\/p>\n<p><strong><a href=\"https:\/\/sven-ove.nu\/wp-content\/uploads\/2011\/11\/H\u00e4st.jpg\"><img loading=\"lazy\" decoding=\"async\" class=\"alignleft size-thumbnail wp-image-4728\" title=\"H\u00e4st\" src=\"https:\/\/sven-ove.nu\/wp-content\/uploads\/2011\/11\/H\u00e4st-150x150.jpg\" alt=\"\" width=\"150\" height=\"150\" \/><\/a>\u201d<span style=\"color: #3366ff;\"><a style=\"color: #3366ff;\" href=\"https:\/\/www.youtube.com\/watch?v=X7ilyjGpThA\" target=\"_blank\" rel=\"noopener\">Nu f\u00e5r du flytta p\u00e5 dej, hall\u00e5!<\/a><\/span>\u201d<\/strong> Det \u00e4r den som m\u00f6ter som ska v\u00e4ja, som vi s\u00e4ger i V\u00e4rmland. I Dalsland m\u00f6tte en som heter Daniel en h\u00e4st tidigt en morgon och d\u00e5 filmade han det. Roligaste facebook-filmen jag sett, kul kommentarer av filmaren och skicklig sk\u00e5despelarinsats av h\u00e4sten. (Numera hittar jag inte filmen p\u00e5 Facebook men v\u00e4l p\u00e5 Youtube).<\/p>\n<p><span style=\"color: #3366ff;\"><strong><a style=\"color: #3366ff;\" href=\"http:\/\/www.facebook.com\/photo.php?v=421542903144&amp;set=vb.141816032083&amp;type=2&amp;theater\" target=\"_blank\" rel=\"noopener\">Elg m\u00f6ter syklist i Gevling\u00e5sen<\/a><\/strong><\/span>. Detta \u00e4r den kallaste cyklist jag sett och det nyfiknaste paret \u00e4lgar.<\/p>\n<p><span style=\"color: #3366ff;\"><strong><a style=\"color: #3366ff;\" href=\"http:\/\/www.facebook.com\/photo.php?v=469460876446817\" target=\"_blank\" rel=\"noopener\">F\u00e5geln som fiskar med bete<\/a><\/strong><\/span>. Otroligt \u00e4r ett slitet ord. Vad ska jag annars skriva?<\/p>\n<p><strong>Titta p\u00e5<br \/>\n<\/strong>Normalt avskyr jag dolda kameran, de filmerna g\u00f6r alltid narr av folk. Inte den h\u00e4r:\u00a0<a href=\"http:\/\/www.youtube.com\/watch?v=BRAM8MpqIeA\"><span style=\"color: #3366ff;\"><strong>Photoshop Live Street Retouch Prank.<\/strong><\/span><br \/>\n<\/a><a href=\"http:\/\/www.youtube.com\/watch?v=BRAM8MpqIeA\"><br \/>\n<\/a>Belgiska bussbolaget De Lijn har gjort en serie bra och roliga reklamfilmer. S\u00e5 bra gestaltning av kollektivets styrka att jag sett minst en v\u00e4nsterdebatt\u00f6r planka den. Take the bus<span style=\"color: #000000;\">: <span style=\"color: #3366ff;\"><strong><a style=\"color: #3366ff;\" href=\"https:\/\/www.youtube.com\/watch?v=LuVPnW0s3Vo\" target=\"_blank\" rel=\"noopener\">krabborna<\/a><\/strong><\/span>,<strong>\u00a0<span style=\"color: #3366ff;\"><a style=\"color: #3366ff;\" href=\"https:\/\/www.youtube.com\/watch?v=mgCIKGIYJ1A\" target=\"_blank\" rel=\"noopener\">myrorna<\/a><\/span><\/strong>, <\/span><b><a style=\"color: #3366ff;\" href=\"https:\/\/www.youtube.com\/watch?v=MNSdUEkZsf0\" target=\"_blank\" rel=\"noopener\">alla fyra filmerna<\/a><span style=\"color: #000000;\">.<\/span><\/b><a href=\"https:\/\/www.youtube.com\/watch?v=LuVPnW0s3Vo\" target=\"_blank\" rel=\"noopener\"><br \/>\n<\/a><br \/>\nKolla de vita bakelitmuggarna, se troskyldigheten. Gillar! <a href=\"http:\/\/vimeo.com\/54932651\" target=\"_blank\" rel=\"noopener\">Jul- &amp; Ny\u00e5rsfilmen<\/a>\u00a0fr\u00e5n Arm\u00e9-, Marin- och Flygfilm.<\/p>\n<p>Presstj\u00e4nst f\u00f6r makthavare som inte har n\u00e5got bra svar, a k a\u00a0<a href=\"http:\/\/www.youtube.com\/watch?v=tJstmxb8vyw&amp;feature=player_embedded\" target=\"_blank\" rel=\"noopener\">Batman on drugs<\/a>.<\/p>\n<p><a href=\"http:\/\/www.youtube.com\/watch?v=gonY5Jh0YoY&amp;sns=fb\" target=\"_blank\" rel=\"noopener\">Ella &amp; Elvira p\u00e5 promenad<br \/>\n<\/a><strong><span style=\"color: #444444; font-weight: normal;\"><a href=\"http:\/\/www.youtube.com\/watch?v=nTQD7imxd8o&amp;feature=player_embedded\" target=\"_blank\" rel=\"noopener\">Kor gillar jazz<br \/>\n<\/a><\/span><\/strong><a href=\"http:\/\/www.youtube.com\/watch?v=pPkbs3Rr9h4&amp;feature=share\">Hungrig hund pratar<\/a><\/p>\n<p><a href=\"http:\/\/www.youtube.com\/watch?v=hOTEq7Vc8fU&amp;feature=player_embedded\" target=\"_blank\" rel=\"noopener\">Crazy Ladder Race<\/a> (Nyttig att titta p\u00e5 n\u00e4r du tycker du b\u00f6rjar f\u00e5 tempo p\u00e5 jobbet. Du har l\u00e5ngt kvar).<\/p>\n<p><strong>L\u00e4s<\/strong><a href=\"http:\/\/efterarbetet.etc.se\/kronika\/invandrartourettes\"><br \/>\n<\/a><a href=\"http:\/\/www.aftonbladet.se\/ledare\/article13959941.ab\" target=\"_blank\" rel=\"noopener\">Katrine Kielos: Vanv\u00e5rd av v\u00e5r v\u00e4lf\u00e4rd<br \/>\n<\/a><a href=\"http:\/\/www.aftonbladet.se\/kultur\/article14099827.ab\" target=\"_blank\" rel=\"noopener\">G\u00f6ran Greider: Hej d\u00e5, nyliberalismen<br \/>\n<\/a><a href=\"https:\/\/sven-ove.nu\/?p=2178\">G\u00f6ran Greiders katekes<\/a><\/p>\n<p><strong>Lyssna<br \/>\n<\/strong>Arvika Gammeldansorkester:\u00a0<a href=\"http:\/\/www.youtube.com\/watch?v=7q7K-6zPb7g&amp;feature=player_embedded\" target=\"_blank\" rel=\"noopener\">Beda fr\u00e5n Bogen<\/a><br \/>\n<a href=\"http:\/\/www.youtube.com\/watch?v=NbWLESUODF8\" target=\"_blank\" rel=\"noopener\">Keith Richards &amp; The Faces: Dust my broom<br \/>\n<\/a><a href=\"http:\/\/www.youtube.com\/watch?v=Oz3j6wIPzYE\" target=\"_blank\" rel=\"noopener\">Floyd Lee: Missisippi Delta Blues<\/a>, framf\u00f6rd i New Yorks tunnelbana.<br \/>\n(Det \u00e4r inte flest t\u00e4nder som vinner&#8230;)<\/p>\n<p><strong>Andra webbplatser jag g\u00e4rna bes\u00f6ker<br \/>\n<\/strong><a href=\"http:\/\/www.heidruns.se\">Heidruns Bok- &amp; Bildcaf\u00e9<br \/>\n<\/a><a href=\"http:\/\/www.robertnyberg.nu\/\">Robert Nyberg<br \/>\n<\/a><a href=\"http:\/\/www.aftonbladet.se\/kultur\/\">Aftonbladet Kultur<br \/>\n<\/a><a href=\"http:\/\/al-lodenius.com\/\">Anna-Lena Lodenius<br \/>\n<\/a><a href=\"http:\/\/linaslyna.wordpress.com\/\">Linaslyna<\/a><br \/>\n<a href=\"http:\/\/www.jessicasegerberg.com\/\">J. Segerberg<br \/>\n<\/a><a href=\"http:\/\/klingkong.se\/\">Kling Kong<\/a><\/p>\n<p><strong>L\u00f6parsidor<br \/>\n<\/strong><a href=\"http:\/\/www.runnersworld.se\/artiklar\/du-har-val-inte-missat-runes.htm?utm_source=twitterfeed&amp;utm_medium=facebook\" target=\"_blank\" rel=\"noopener\">Rune Larsson springer genom Europa<\/a><br \/>\n<a href=\"http:\/\/www5.idrottonline.se\/sisuforshagask-friidrott\/\">SISU Forshaga<br \/>\n<\/a><a href=\"http:\/\/www.marathon.se\">Marathon.se<br \/>\n<\/a><a href=\"http:\/\/www.runnersworld.se\/\">Runners World Sweden<br \/>\n<\/a><a href=\"http:\/\/www.runnersworld.se\/blogs\/ulrikajohansson\/index.htm\">Ulrika Flodin<br \/>\n<\/a><a href=\"http:\/\/blog.svd.se\/maratonbloggen\/\" target=\"_blank\" rel=\"noopener\">Petra M\u00e5nstr\u00f6m, SvD: Maratonbloggen<br \/>\n<\/a><a href=\"http:\/\/allakantrana.se\" target=\"_blank\" rel=\"noopener\">Alla kan tr\u00e4na<\/a><\/p>\n<p><strong>Spr\u00e5k- och skrivl\u00e4nkar<br \/>\n<\/strong><a href=\"http:\/\/linneassprakblogg.com\/\">Linneas spr\u00e5kblogg<br \/>\n<\/a><a href=\"http:\/\/www.spraktidningen.se\/blogg\">Spr\u00e5ktidningens blogg<br \/>\n<\/a><a href=\"http:\/\/www.argus.nu\/skrivarlankar\/\">Argus skrivarl\u00e4nkar<br \/>\n<\/a><a href=\"http:\/\/diktstaden.hornsgatan80.se\/Werner_Aspenstrom\/Start.html\">Werner Aspenstr\u00f6m-intervju<\/a><\/p>\n<p><strong>L\u00e4nkar till sajter som tror p\u00e5 j\u00e4mst\u00e4lldhet<\/strong><br \/>\n<a href=\"http:\/\/www.genusfotografen.se\">Genusfotografen<br \/>\n<\/a><a href=\"http:\/\/saljgrejmedtjej.se\">S\u00e4lj grej med tjej<br \/>\n<\/a><a href=\"http:\/\/rattviseformedlingen.se\">R\u00e4ttvisef\u00f6rmedlingen<\/a><\/p>\n<p>&nbsp;<\/p>\n<p><strong>Facebook &amp; twitter<a href=\"https:\/\/sven-ove.nu\/wp-content\/uploads\/2011\/11\/Snackibussen.jpg\"><img loading=\"lazy\" decoding=\"async\" class=\"alignright size-medium wp-image-4734\" title=\"Snackibussen\" src=\"https:\/\/sven-ove.nu\/wp-content\/uploads\/2011\/11\/Snackibussen-300x138.jpg\" alt=\"\" width=\"300\" height=\"138\" srcset=\"https:\/\/sven-ove.nu\/wp-content\/uploads\/2011\/11\/Snackibussen-300x138.jpg 300w, https:\/\/sven-ove.nu\/wp-content\/uploads\/2011\/11\/Snackibussen.jpg 484w\" sizes=\"auto, (max-width: 300px) 100vw, 300px\" \/><\/a><br \/>\n<\/strong><a href=\"http:\/\/www.facebook.com\/profile.php?id=1834666167\">Jag sj\u00e4lv p\u00e5 Facebook<br \/>\n<\/a>&#8230; p\u00e5 twitter (<a href=\"https:\/\/twitter.com\/Snackibussen\" target=\"_blank\" rel=\"noopener\">Snack i bussen<\/a>)<br \/>\n&#8230; och <a href=\"http:\/\/instagram.com\/svenoves\" target=\"_blank\" rel=\"noopener\">Instagram<\/a><\/p>\n<p>&nbsp;<\/p>\n","protected":false},"excerpt":{"rendered":"<p>1994 b\u00f6rjade jag surfa p\u00e5 n\u00e4tet i jobbet som informat\u00f6r p\u00e5 R\u00e4ddningsverket. D\u00e5 fanns det 10 000 webbplatser i v\u00e4rlden och det k\u00e4ndes som om jag bes\u00f6kte varenda en. Nu \u00e4r internet livsstil, kunskapsk\u00e4lla, jobbverktyg, irritation och underh\u00e5llning, f\u00f6r mig som f\u00f6r andra. (Sidan under uppdatering). Facebookl\u00e4nkar (inte helt f\u00e4rska men bra att ha) \u201dNu &hellip; <a href=\"https:\/\/sven-ove.nu\/?page_id=104\" class=\"more-link\">Forts\u00e4tt l\u00e4sa <span class=\"screen-reader-text\">L\u00e4nkar<\/span><\/a><\/p>\n","protected":false},"author":1,"featured_media":0,"parent":0,"menu_order":8,"comment_status":"closed","ping_status":"open","template":"","meta":{"_crdt_document":"","_monsterinsights_skip_tracking":false,"_monsterinsights_sitenote_active":false,"_monsterinsights_sitenote_note":"","_monsterinsights_sitenote_category":0,"footnotes":""},"class_list":["post-104","page","type-page","status-publish","hentry"],"_links":{"self":[{"href":"https:\/\/sven-ove.nu\/index.php?rest_route=\/wp\/v2\/pages\/104","targetHints":{"allow":["GET"]}}],"collection":[{"href":"https:\/\/sven-ove.nu\/index.php?rest_route=\/wp\/v2\/pages"}],"about":[{"href":"https:\/\/sven-ove.nu\/index.php?rest_route=\/wp\/v2\/types\/page"}],"author":[{"embeddable":true,"href":"https:\/\/sven-ove.nu\/index.php?rest_route=\/wp\/v2\/users\/1"}],"replies":[{"embeddable":true,"href":"https:\/\/sven-ove.nu\/index.php?rest_route=%2Fwp%2Fv2%2Fcomments&post=104"}],"version-history":[{"count":59,"href":"https:\/\/sven-ove.nu\/index.php?rest_route=\/wp\/v2\/pages\/104\/revisions"}],"predecessor-version":[{"id":19964,"href":"https:\/\/sven-ove.nu\/index.php?rest_route=\/wp\/v2\/pages\/104\/revisions\/19964"}],"wp:attachment":[{"href":"https:\/\/sven-ove.nu\/index.php?rest_route=%2Fwp%2Fv2%2Fmedia&parent=104"}],"curies":[{"name":"wp","href":"https:\/\/api.w.org\/{rel}","templated":true}]}}