{"id":16569,"date":"2016-12-10T13:29:59","date_gmt":"2016-12-10T12:29:59","guid":{"rendered":"http:\/\/sven-ove.nu\/?page_id=16569"},"modified":"2017-04-18T10:22:18","modified_gmt":"2017-04-18T09:22:18","slug":"loparlardom-nr-126-130-2","status":"publish","type":"page","link":"https:\/\/sven-ove.nu\/?page_id=16569","title":{"rendered":"L\u00f6parl\u00e4rdom nr 126-130"},"content":{"rendered":"<p><a href=\"https:\/\/sven-ove.nu\/wp-content\/uploads\/2016\/11\/L\u00f6pgl\u00e4dje.jpg\"><img loading=\"lazy\" decoding=\"async\" class=\"size-full wp-image-16394 alignnone\" src=\"https:\/\/sven-ove.nu\/wp-content\/uploads\/2016\/11\/L\u00f6pgl\u00e4dje.jpg\" alt=\"lopgladje\" width=\"851\" height=\"841\" srcset=\"https:\/\/sven-ove.nu\/wp-content\/uploads\/2016\/11\/L\u00f6pgl\u00e4dje.jpg 851w, https:\/\/sven-ove.nu\/wp-content\/uploads\/2016\/11\/L\u00f6pgl\u00e4dje-300x296.jpg 300w\" sizes=\"auto, (max-width: 851px) 100vw, 851px\" \/><\/a><\/p>\n<p style=\"padding-left: 30px;\">\u00c4ven motionsl\u00f6pare \u00e5ldras. Med v\u00e4lbehag? Det kan diskuteras, s\u00e4rskilt om l\u00f6paren varit skadad \u00e5tta \u00e5r mellan tv\u00e5 tr\u00e4ningspass. Anv\u00e4nd det du beh\u00f6ver av l\u00e4rdomarna och gl\u00e4d dig \u00e5t din l\u00f6plust, vad \u00e4n gps-klockan muttrar. Snabbhet \u00e4r f\u00e4rskvara men det m\u00e5ste inte din entusiasm vara.<\/p>\n<p><strong>L\u00f6parl\u00e4rdom nr 126:<\/strong>\u00a0Om f\u00f6rra g\u00e5ngen ditt namn fanns p\u00e5 en tidnings resultatsida var \u00e5r 2000. D\u00e5 \u00e4r det inte s\u00e4kert att sportjournalisterna sl\u00f6at till. Du kan ha blivit gammal.<\/p>\n<p><strong>L\u00f6parl\u00e4rdom nr 127:<\/strong>\u00a0Om du b\u00f6rjar bli r\u00e4dd att h\u00e4nga med en \u00e5tta\u00e5ring sista hundra meterna p\u00e5 tr\u00e4ningsrundan, f\u00f6r att du inte vill str\u00e4cka dig. D\u00e5 \u00e4r det inte s\u00e4kert att du bara \u00e4r h\u00e4nsynsfull mot kamraten. Du kan ha du blivit gammal.<strong>\u00a0<\/strong><\/p>\n<p><strong>L\u00f6parl\u00e4rdom nr 128:<\/strong>\u00a0Om du \u00f6ver huvud taget l\u00e5ter bli att springa n\u00e5gra lopp, eftersom du \u00e4r r\u00e4dd att folk ska se din tid i resultatlistan p\u00e5 internet. D\u00e5 har du blivit gammal.<\/p>\n<p><strong>L\u00f6parl\u00e4rdom nr 129:<\/strong>\u00a0Om du springer ett femkilometers tempolopp i bra fart p\u00e5 tr\u00e4ning och f\u00f6rst \u00e4r v\u00e4ldigt n\u00f6jd, men sedan uppt\u00e4cker att det var samma fart du h\u00f6ll n\u00e4r du persade p\u00e5 42 195 meter. D\u00e5 \u00e4r du gammal.<\/p>\n<p><strong>L\u00f6parl\u00e4rdom nr 130:<\/strong>\u00a0Vill du vara b\u00e5de gammal och klok? L\u00e5t \u00e5tta\u00e5ringen vinna men sluta bekymra dig om dina l\u00e5r. Anm\u00e4l dig genast till en t\u00e4vling p\u00e5 10 kilometer. L\u00e5tsas att du fortfarande tycker det \u00e4r en stuvbit. Vem sa att en g\u00f4bbe m\u00e5ste b\u00e4ra sina \u00e5r med v\u00e4rdighet?<\/p>\n<p>Folk kanske inte alls ser ditt resultat p\u00e5 n\u00e4tet.<\/p>\n<p>Moahahahaha.<\/p>\n<p style=\"text-align: right;\"><em><strong>L\u00c4S MER:<br \/>\n<\/strong><span style=\"color: #0000ff;\"><a style=\"color: #0000ff;\" href=\"https:\/\/sven-ove.nu\/?page_id=102\">Meny f\u00f6r alla l\u00f6psidorna<\/a><\/span><\/em><\/p>\n","protected":false},"excerpt":{"rendered":"<p>\u00c4ven motionsl\u00f6pare \u00e5ldras. Med v\u00e4lbehag? Det kan diskuteras, s\u00e4rskilt om l\u00f6paren varit skadad \u00e5tta \u00e5r mellan tv\u00e5 tr\u00e4ningspass. Anv\u00e4nd det du beh\u00f6ver av l\u00e4rdomarna och gl\u00e4d dig \u00e5t din l\u00f6plust, vad \u00e4n gps-klockan muttrar. Snabbhet \u00e4r f\u00e4rskvara men det m\u00e5ste inte din entusiasm vara. L\u00f6parl\u00e4rdom nr 126:\u00a0Om f\u00f6rra g\u00e5ngen ditt namn fanns p\u00e5 en tidnings &hellip; <a href=\"https:\/\/sven-ove.nu\/?page_id=16569\" class=\"more-link\">Forts\u00e4tt l\u00e4sa <span class=\"screen-reader-text\">L\u00f6parl\u00e4rdom nr 126-130<\/span><\/a><\/p>\n","protected":false},"author":1,"featured_media":0,"parent":102,"menu_order":0,"comment_status":"closed","ping_status":"closed","template":"","meta":{"_crdt_document":"","_monsterinsights_skip_tracking":false,"_monsterinsights_sitenote_active":false,"_monsterinsights_sitenote_note":"","_monsterinsights_sitenote_category":0,"footnotes":""},"class_list":["post-16569","page","type-page","status-publish","hentry"],"_links":{"self":[{"href":"https:\/\/sven-ove.nu\/index.php?rest_route=\/wp\/v2\/pages\/16569","targetHints":{"allow":["GET"]}}],"collection":[{"href":"https:\/\/sven-ove.nu\/index.php?rest_route=\/wp\/v2\/pages"}],"about":[{"href":"https:\/\/sven-ove.nu\/index.php?rest_route=\/wp\/v2\/types\/page"}],"author":[{"embeddable":true,"href":"https:\/\/sven-ove.nu\/index.php?rest_route=\/wp\/v2\/users\/1"}],"replies":[{"embeddable":true,"href":"https:\/\/sven-ove.nu\/index.php?rest_route=%2Fwp%2Fv2%2Fcomments&post=16569"}],"version-history":[{"count":2,"href":"https:\/\/sven-ove.nu\/index.php?rest_route=\/wp\/v2\/pages\/16569\/revisions"}],"predecessor-version":[{"id":17669,"href":"https:\/\/sven-ove.nu\/index.php?rest_route=\/wp\/v2\/pages\/16569\/revisions\/17669"}],"up":[{"embeddable":true,"href":"https:\/\/sven-ove.nu\/index.php?rest_route=\/wp\/v2\/pages\/102"}],"wp:attachment":[{"href":"https:\/\/sven-ove.nu\/index.php?rest_route=%2Fwp%2Fv2%2Fmedia&parent=16569"}],"curies":[{"name":"wp","href":"https:\/\/api.w.org\/{rel}","templated":true}]}}