{"id":173,"date":"2011-11-16T10:46:43","date_gmt":"2011-11-16T09:46:43","guid":{"rendered":"http:\/\/sven-ove.nu\/?page_id=173"},"modified":"2017-08-11T09:17:06","modified_gmt":"2017-08-11T08:17:06","slug":"livet","status":"publish","type":"page","link":"https:\/\/sven-ove.nu\/?page_id=173","title":{"rendered":"Livet"},"content":{"rendered":"<p><strong>Gillar<\/strong>: min fru, mina d\u00f6ttrar, m\u00e5gar och barnbarn.<\/p>\n<p><strong>Gillar ocks\u00e5<\/strong>: f\u00e5gelbordssk\u00e5dning, platespotting, Vredens druvor, Werner Aspenstr\u00f6m, kartor, oliver, fetaost, Bruce, Dylan &amp; Wiehe, v\u00e5ra vanligaste 29 bokst\u00e4ver, Caf\u00e9 August, Gamla Kraftstationen i Deje, busslinje 600, stekt falukorv med potatis, Nike Pegasus, orden solidaritet och sneggelvesp, Paris och Telendos, min nya gps-klocka, fri l\u00f6pning mitt i vilda skogen, Robert Nybergs teckningar, jordklotet samt sovmornar och moleskineblock.<\/p>\n<p><strong>Gillar inte<\/strong>: \u00f6-r\u00e5d.<\/p>\n<p>&nbsp;<\/p>\n","protected":false},"excerpt":{"rendered":"<p>Gillar: min fru, mina d\u00f6ttrar, m\u00e5gar och barnbarn. Gillar ocks\u00e5: f\u00e5gelbordssk\u00e5dning, platespotting, Vredens druvor, Werner Aspenstr\u00f6m, kartor, oliver, fetaost, Bruce, Dylan &amp; Wiehe, v\u00e5ra vanligaste 29 bokst\u00e4ver, Caf\u00e9 August, Gamla Kraftstationen i Deje, busslinje 600, stekt falukorv med potatis, Nike Pegasus, orden solidaritet och sneggelvesp, Paris och Telendos, min nya gps-klocka, fri l\u00f6pning mitt i &hellip; <a href=\"https:\/\/sven-ove.nu\/?page_id=173\" class=\"more-link\">Forts\u00e4tt l\u00e4sa <span class=\"screen-reader-text\">Livet<\/span><\/a><\/p>\n","protected":false},"author":1,"featured_media":0,"parent":170,"menu_order":1,"comment_status":"closed","ping_status":"open","template":"","meta":{"_crdt_document":"","_monsterinsights_skip_tracking":false,"_monsterinsights_sitenote_active":false,"_monsterinsights_sitenote_note":"","_monsterinsights_sitenote_category":0,"footnotes":""},"class_list":["post-173","page","type-page","status-publish","hentry"],"_links":{"self":[{"href":"https:\/\/sven-ove.nu\/index.php?rest_route=\/wp\/v2\/pages\/173","targetHints":{"allow":["GET"]}}],"collection":[{"href":"https:\/\/sven-ove.nu\/index.php?rest_route=\/wp\/v2\/pages"}],"about":[{"href":"https:\/\/sven-ove.nu\/index.php?rest_route=\/wp\/v2\/types\/page"}],"author":[{"embeddable":true,"href":"https:\/\/sven-ove.nu\/index.php?rest_route=\/wp\/v2\/users\/1"}],"replies":[{"embeddable":true,"href":"https:\/\/sven-ove.nu\/index.php?rest_route=%2Fwp%2Fv2%2Fcomments&post=173"}],"version-history":[{"count":6,"href":"https:\/\/sven-ove.nu\/index.php?rest_route=\/wp\/v2\/pages\/173\/revisions"}],"predecessor-version":[{"id":18213,"href":"https:\/\/sven-ove.nu\/index.php?rest_route=\/wp\/v2\/pages\/173\/revisions\/18213"}],"up":[{"embeddable":true,"href":"https:\/\/sven-ove.nu\/index.php?rest_route=\/wp\/v2\/pages\/170"}],"wp:attachment":[{"href":"https:\/\/sven-ove.nu\/index.php?rest_route=%2Fwp%2Fv2%2Fmedia&parent=173"}],"curies":[{"name":"wp","href":"https:\/\/api.w.org\/{rel}","templated":true}]}}