{"id":18044,"date":"2017-06-29T09:16:14","date_gmt":"2017-06-29T08:16:14","guid":{"rendered":"http:\/\/sven-ove.nu\/?page_id=18044"},"modified":"2017-06-29T09:19:09","modified_gmt":"2017-06-29T08:19:09","slug":"nya-talarkurser-i-stadshuset","status":"publish","type":"page","link":"https:\/\/sven-ove.nu\/?page_id=18044","title":{"rendered":"Nya talarkurser i stadshuset"},"content":{"rendered":"<p><a href=\"https:\/\/sven-ove.nu\/?attachment_id=18045\" rel=\"attachment wp-att-18045\"><img loading=\"lazy\" decoding=\"async\" class=\"size-full wp-image-18045 alignnone\" src=\"https:\/\/sven-ove.nu\/wp-content\/uploads\/2017\/06\/Sk\u00e4rmavbild-2017-06-27-kl.-21.38.43.png\" alt=\"\" width=\"1036\" height=\"718\" srcset=\"https:\/\/sven-ove.nu\/wp-content\/uploads\/2017\/06\/Sk\u00e4rmavbild-2017-06-27-kl.-21.38.43.png 1036w, https:\/\/sven-ove.nu\/wp-content\/uploads\/2017\/06\/Sk\u00e4rmavbild-2017-06-27-kl.-21.38.43-300x208.png 300w, https:\/\/sven-ove.nu\/wp-content\/uploads\/2017\/06\/Sk\u00e4rmavbild-2017-06-27-kl.-21.38.43-768x532.png 768w, https:\/\/sven-ove.nu\/wp-content\/uploads\/2017\/06\/Sk\u00e4rmavbild-2017-06-27-kl.-21.38.43-1024x710.png 1024w\" sizes=\"auto, (max-width: 1036px) 100vw, 1036px\" \/><\/a><\/p>\n<h3>Sagan om Muminlandet forts\u00e4tter<\/h3>\n<p>Vi m\u00e5ste vara f\u00f6r\u00e4ndringsben\u00e4gna, s\u00e4ger en kvinna i min fortsatta mardr\u00f6m om Nisserlandet p\u00e5 Tingvalla\u00f6n. Hon har makt och nu ber\u00e4ttar hon med myndig r\u00f6st om den stackars majoritet av karlstadsborna som inte tycker som majoriteten i stadshuset vill att majoriteten utanf\u00f6r huset ska tycka. Politikerna har valt sig fel folk, hon vet ju det.<\/p>\n<p>&#8211; Gn\u00e4llspikar, fnyser hon, s\u00e5d\u00e4r som bara den kan, som suttit p\u00e5 fyrahundraf\u00f6rtiotre m\u00f6ten i stadshus och andra avskilda lokaler. Bara i \u00e5r.<\/p>\n<p>&#8211; Vi m\u00e5ste t\u00e4nka p\u00e5 sommarjobben, gn\u00e4ller hon, p\u00e5 ett icke gn\u00e4llspikigt vis, mer maktfullkomligt om du fattar. Det \u00e4r en sk\u00f6n konst att gn\u00e4lla p\u00e5 ett s\u00e4tt s\u00e5 en inte sj\u00e4lv h\u00f6r hur gn\u00e4llig en l\u00e5ter n\u00e4r en kallar alla andras prat f\u00f6r gn\u00e4ll men sitt eget gn\u00e4ll f\u00f6r prat. I Karlstads stadshus har de kurser i denna viktiga talteknik, med inhyrda antign\u00e4llgn\u00e4llkonsulter. Gn\u00e4llspeak 1 och Gn\u00e4llspeak 2 \u00e4r tv\u00e5 mycket popul\u00e4ra kurser, hon har redan g\u00e5tt steg 2. Den med praktiska antign\u00e4llgn\u00e4ll\u00f6vningar framf\u00f6r tv-kamera.<\/p>\n<p>&#8211; S\u00e4g efter mig nu, sa konsulten. Alla som inte vill riva hela Tingvallastan och bygga ett inh\u00e4gnat Nisserland d\u00e4r (med respektingivande intr\u00e4desavgift) \u00e4r Gn\u00e4ll Spik Ar.<\/p>\n<p>&#8211; Gn\u00e4ll Spik Ar! sa alla de bl\u00e5gr\u00f6nr\u00f6da kommunalr\u00e5den lydigt och ringde rivningsfirman.<\/p>\n<p>Stan ska privatiseras. Eller var det den d\u00e4r p\u00e4rlan vid V\u00e4nerstranden bortanf\u00f6r IKEA? Stranden d\u00e4r folket r\u00f6r p\u00e5 sig, Sveriges b\u00e4sta springst\u00e4lle. Usch f\u00f6r folkr\u00f6relser, t\u00e4nkte hon. Vad \u00e4r en gammal dammig idealist mot en \u00e4kta modern entrepren\u00f6r. Riv, i gossar bl\u00e5gr\u00f6na. Riv ner! Riv mer!<\/p>\n<p>Den som lever f\u00e5r se hur det g\u00e5r f\u00f6r rivningsivrarna. Konsulterna jobbar redan med power point-bilderna till Gn\u00e4llspeak 3. Den forts\u00e4ttningskursen kan beh\u00f6vas inf\u00f6r n\u00e4sta val. Det blir foton p\u00e5 motion\u00e4rer och p\u00e5 tanter i motionscentralens bastu, svettiga och dana allihop. S\u00e5nt folk ser inte f\u00f6r roliga ut, fy farao.<\/p>\n<p>&#8211; Usch, varf\u00f6r heter det valr\u00f6relse? gn\u00e4ller hon, n\u00e4r hon t\u00e4nker p\u00e5 saken. Vad\u00e5 r\u00f6ra sig? Vi m\u00e5ste t\u00e4nka nytt.<\/p>\n<p>Vad vi beh\u00f6ver i den h\u00e4r stan i september n\u00e4sta \u00e5r \u00e4r soffliggare som ligger still. Annars vet en aldrig hur det g\u00e5r.<\/p>\n<p><em><strong>Sven-Ove Svensson<\/strong><\/em><\/p>\n<p><em>(Ins\u00e4ndare i V\u00e4rmlands Folkblad 27 juni 2017)<br \/>\n<\/em><\/p>\n<p style=\"text-align: right;\"><em>L\u00e4nk till min f\u00f6rsta satir i \u00e4mnet, VF 13 juni 2017:<br \/>\n<span style=\"color: #0000ff;\"><strong><a style=\"color: #0000ff;\" href=\"http:\/\/www.vf.se\/insandare\/drommen-om-ett-nisserland\/\">Dr\u00f6mmen om ett Nisserland<\/a><\/strong><\/span><\/em><\/p>\n","protected":false},"excerpt":{"rendered":"<p>Sagan om Muminlandet forts\u00e4tter Vi m\u00e5ste vara f\u00f6r\u00e4ndringsben\u00e4gna, s\u00e4ger en kvinna i min fortsatta mardr\u00f6m om Nisserlandet p\u00e5 Tingvalla\u00f6n. Hon har makt och nu ber\u00e4ttar hon med myndig r\u00f6st om den stackars majoritet av karlstadsborna som inte tycker som majoriteten i stadshuset vill att majoriteten utanf\u00f6r huset ska tycka. Politikerna har valt sig fel folk, &hellip; <a href=\"https:\/\/sven-ove.nu\/?page_id=18044\" class=\"more-link\">Forts\u00e4tt l\u00e4sa <span class=\"screen-reader-text\">Nya talarkurser i stadshuset<\/span><\/a><\/p>\n","protected":false},"author":1,"featured_media":0,"parent":0,"menu_order":0,"comment_status":"closed","ping_status":"closed","template":"","meta":{"_crdt_document":"","_monsterinsights_skip_tracking":false,"_monsterinsights_sitenote_active":false,"_monsterinsights_sitenote_note":"","_monsterinsights_sitenote_category":0,"footnotes":""},"class_list":["post-18044","page","type-page","status-publish","hentry"],"_links":{"self":[{"href":"https:\/\/sven-ove.nu\/index.php?rest_route=\/wp\/v2\/pages\/18044","targetHints":{"allow":["GET"]}}],"collection":[{"href":"https:\/\/sven-ove.nu\/index.php?rest_route=\/wp\/v2\/pages"}],"about":[{"href":"https:\/\/sven-ove.nu\/index.php?rest_route=\/wp\/v2\/types\/page"}],"author":[{"embeddable":true,"href":"https:\/\/sven-ove.nu\/index.php?rest_route=\/wp\/v2\/users\/1"}],"replies":[{"embeddable":true,"href":"https:\/\/sven-ove.nu\/index.php?rest_route=%2Fwp%2Fv2%2Fcomments&post=18044"}],"version-history":[{"count":4,"href":"https:\/\/sven-ove.nu\/index.php?rest_route=\/wp\/v2\/pages\/18044\/revisions"}],"predecessor-version":[{"id":18049,"href":"https:\/\/sven-ove.nu\/index.php?rest_route=\/wp\/v2\/pages\/18044\/revisions\/18049"}],"wp:attachment":[{"href":"https:\/\/sven-ove.nu\/index.php?rest_route=%2Fwp%2Fv2%2Fmedia&parent=18044"}],"curies":[{"name":"wp","href":"https:\/\/api.w.org\/{rel}","templated":true}]}}