{"id":25803,"date":"2023-09-01T14:10:21","date_gmt":"2023-09-01T13:10:21","guid":{"rendered":"https:\/\/sven-ove.nu\/?page_id=25803"},"modified":"2023-09-01T14:21:40","modified_gmt":"2023-09-01T13:21:40","slug":"loparlardom-nr-151","status":"publish","type":"page","link":"https:\/\/sven-ove.nu\/?page_id=25803","title":{"rendered":"L\u00f6parl\u00e4rdom nr 151"},"content":{"rendered":"\n<p class=\"wp-block-paragraph\">Ska du st\u00e4lla ut eller h\u00e4mta hem kontrollst\u00e4llningar till orienteringsbanor, n\u00e4r det ligger sn\u00f6 p\u00e5 marken? T\u00e4nk p\u00e5 vad vi s\u00e4ger i klubben:<\/p>\n\n\n\n<p class=\"wp-block-paragraph\"><strong>Vid lagom m\u00e4ngd sn\u00f6 \u00e4r det alltid enklare att hitta kontrollerna dagen efter t\u00e4vlingen \u00e4n f\u00f6rmiddagen f\u00f6re.<\/strong><\/p>\n\n\n\n<p class=\"wp-block-paragraph\">Det \u00e4r sen gammalt.<\/p>\n\n\n\n<figure class=\"wp-block-image\"><a href=\"https:\/\/sven-ove.nu\/wp-content\/uploads\/2017\/12\/Kontrollsp%C3%A5r.jpg\"><img decoding=\"async\" src=\"https:\/\/sven-ove.nu\/wp-content\/uploads\/2017\/12\/Kontrollsp%C3%A5r-1024x1024.jpg\" alt=\"\" class=\"wp-image-18827\"\/><\/a><\/figure>\n\n\n\n<p class=\"wp-block-paragraph\"><\/p>\n\n\n\n<p class=\"has-text-align-right wp-block-paragraph\"><em><strong>L\u00c4S MER:<br><\/strong><a href=\"https:\/\/sven-ove.nu\/?page_id=102\">Meny f\u00f6r alla l\u00f6psidorna<\/a><\/em><\/p>\n","protected":false},"excerpt":{"rendered":"<p>Ska du st\u00e4lla ut eller h\u00e4mta hem kontrollst\u00e4llningar till orienteringsbanor, n\u00e4r det ligger sn\u00f6 p\u00e5 marken? T\u00e4nk p\u00e5 vad vi s\u00e4ger i klubben: Vid lagom m\u00e4ngd sn\u00f6 \u00e4r det alltid enklare att hitta kontrollerna dagen efter t\u00e4vlingen \u00e4n f\u00f6rmiddagen f\u00f6re. Det \u00e4r sen gammalt. L\u00c4S MER:Meny f\u00f6r alla l\u00f6psidorna<\/p>\n","protected":false},"author":1,"featured_media":0,"parent":0,"menu_order":0,"comment_status":"closed","ping_status":"closed","template":"","meta":{"_crdt_document":"","_monsterinsights_skip_tracking":false,"_monsterinsights_sitenote_active":false,"_monsterinsights_sitenote_note":"","_monsterinsights_sitenote_category":0,"footnotes":""},"class_list":["post-25803","page","type-page","status-publish","hentry"],"_links":{"self":[{"href":"https:\/\/sven-ove.nu\/index.php?rest_route=\/wp\/v2\/pages\/25803","targetHints":{"allow":["GET"]}}],"collection":[{"href":"https:\/\/sven-ove.nu\/index.php?rest_route=\/wp\/v2\/pages"}],"about":[{"href":"https:\/\/sven-ove.nu\/index.php?rest_route=\/wp\/v2\/types\/page"}],"author":[{"embeddable":true,"href":"https:\/\/sven-ove.nu\/index.php?rest_route=\/wp\/v2\/users\/1"}],"replies":[{"embeddable":true,"href":"https:\/\/sven-ove.nu\/index.php?rest_route=%2Fwp%2Fv2%2Fcomments&post=25803"}],"version-history":[{"count":2,"href":"https:\/\/sven-ove.nu\/index.php?rest_route=\/wp\/v2\/pages\/25803\/revisions"}],"predecessor-version":[{"id":25806,"href":"https:\/\/sven-ove.nu\/index.php?rest_route=\/wp\/v2\/pages\/25803\/revisions\/25806"}],"wp:attachment":[{"href":"https:\/\/sven-ove.nu\/index.php?rest_route=%2Fwp%2Fv2%2Fmedia&parent=25803"}],"curies":[{"name":"wp","href":"https:\/\/api.w.org\/{rel}","templated":true}]}}