{"id":25835,"date":"2023-09-02T09:37:14","date_gmt":"2023-09-02T08:37:14","guid":{"rendered":"https:\/\/sven-ove.nu\/?page_id=25835"},"modified":"2023-09-02T09:42:35","modified_gmt":"2023-09-02T08:42:35","slug":"traning","status":"publish","type":"page","link":"https:\/\/sven-ove.nu\/?page_id=25835","title":{"rendered":"Tr\u00e4ning"},"content":{"rendered":"\n<p class=\"wp-block-paragraph\">Svett \u00e4r muskler som gr\u00e5ter. \u00a0Av gl\u00e4dje.<br>Muskler \u00e4r svett som skrattar.<br>Kondition \u00e4r f\u00f6tter som vill i v\u00e4g och lungor som h\u00e5ller med.<\/p>\n\n\n\n<figure class=\"wp-block-image size-medium\"><a href=\"https:\/\/sven-ove.nu\/wp-content\/uploads\/2023\/09\/image.png\"><img loading=\"lazy\" decoding=\"async\" width=\"300\" height=\"247\" src=\"https:\/\/sven-ove.nu\/wp-content\/uploads\/2023\/09\/image-300x247.png\" alt=\"\" class=\"wp-image-25839\" srcset=\"https:\/\/sven-ove.nu\/wp-content\/uploads\/2023\/09\/image-300x247.png 300w, https:\/\/sven-ove.nu\/wp-content\/uploads\/2023\/09\/image-768x632.png 768w, https:\/\/sven-ove.nu\/wp-content\/uploads\/2023\/09\/image.png 853w\" sizes=\"auto, (max-width: 300px) 100vw, 300px\" \/><\/a><\/figure>\n\n\n\n<p class=\"has-text-align-right wp-block-paragraph\"><em><strong>L\u00c4S MER:<br><\/strong><a href=\"https:\/\/sven-ove.nu\/?page_id=102\">Meny f\u00f6r alla l\u00f6psidorna<\/a><\/em><\/p>\n","protected":false},"excerpt":{"rendered":"<p>Svett \u00e4r muskler som gr\u00e5ter. \u00a0Av gl\u00e4dje.Muskler \u00e4r svett som skrattar.Kondition \u00e4r f\u00f6tter som vill i v\u00e4g och lungor som h\u00e5ller med. L\u00c4S MER:Meny f\u00f6r alla l\u00f6psidorna<\/p>\n","protected":false},"author":1,"featured_media":0,"parent":0,"menu_order":0,"comment_status":"closed","ping_status":"closed","template":"","meta":{"_crdt_document":"","_monsterinsights_skip_tracking":false,"_monsterinsights_sitenote_active":false,"_monsterinsights_sitenote_note":"","_monsterinsights_sitenote_category":0,"footnotes":""},"class_list":["post-25835","page","type-page","status-publish","hentry"],"_links":{"self":[{"href":"https:\/\/sven-ove.nu\/index.php?rest_route=\/wp\/v2\/pages\/25835","targetHints":{"allow":["GET"]}}],"collection":[{"href":"https:\/\/sven-ove.nu\/index.php?rest_route=\/wp\/v2\/pages"}],"about":[{"href":"https:\/\/sven-ove.nu\/index.php?rest_route=\/wp\/v2\/types\/page"}],"author":[{"embeddable":true,"href":"https:\/\/sven-ove.nu\/index.php?rest_route=\/wp\/v2\/users\/1"}],"replies":[{"embeddable":true,"href":"https:\/\/sven-ove.nu\/index.php?rest_route=%2Fwp%2Fv2%2Fcomments&post=25835"}],"version-history":[{"count":2,"href":"https:\/\/sven-ove.nu\/index.php?rest_route=\/wp\/v2\/pages\/25835\/revisions"}],"predecessor-version":[{"id":25840,"href":"https:\/\/sven-ove.nu\/index.php?rest_route=\/wp\/v2\/pages\/25835\/revisions\/25840"}],"wp:attachment":[{"href":"https:\/\/sven-ove.nu\/index.php?rest_route=%2Fwp%2Fv2%2Fmedia&parent=25835"}],"curies":[{"name":"wp","href":"https:\/\/api.w.org\/{rel}","templated":true}]}}