{"id":27243,"date":"2024-11-13T14:19:05","date_gmt":"2024-11-13T13:19:05","guid":{"rendered":"https:\/\/sven-ove.nu\/?page_id=27243"},"modified":"2024-11-13T14:34:54","modified_gmt":"2024-11-13T13:34:54","slug":"vi-trodde-pa-framtiden","status":"publish","type":"page","link":"https:\/\/sven-ove.nu\/?page_id=27243","title":{"rendered":"Vi trodde p\u00e5 framtiden"},"content":{"rendered":"\n<blockquote class=\"wp-block-quote is-layout-flow wp-block-quote-is-layout-flow\">\n<p class=\"wp-block-paragraph\">N\u00e5gra kommentarer om tidsandan mot bakgrund av Mats Parners och Stefan Widqvists bok Brev. Inledning till ett panelsamtal med Karlstads Bokcaf\u00e9 p\u00e5 Gjuteriet i Karlstad, 12 november 2024.<\/p>\n<\/blockquote>\n\n\n\n<figure class=\"wp-block-image size-large\"><a href=\"https:\/\/sven-ove.nu\/wp-content\/uploads\/2024\/11\/IMG_3220-scaled.jpeg\"><img loading=\"lazy\" decoding=\"async\" width=\"1024\" height=\"768\" src=\"https:\/\/sven-ove.nu\/wp-content\/uploads\/2024\/11\/IMG_3220-1024x768.jpeg\" alt=\"\" class=\"wp-image-27244\" srcset=\"https:\/\/sven-ove.nu\/wp-content\/uploads\/2024\/11\/IMG_3220-1024x768.jpeg 1024w, https:\/\/sven-ove.nu\/wp-content\/uploads\/2024\/11\/IMG_3220-300x225.jpeg 300w, https:\/\/sven-ove.nu\/wp-content\/uploads\/2024\/11\/IMG_3220-768x576.jpeg 768w, https:\/\/sven-ove.nu\/wp-content\/uploads\/2024\/11\/IMG_3220-1536x1152.jpeg 1536w, https:\/\/sven-ove.nu\/wp-content\/uploads\/2024\/11\/IMG_3220-2048x1536.jpeg 2048w\" sizes=\"auto, (max-width: 1024px) 100vw, 1024px\" \/><\/a><\/figure>\n\n\n\n<p class=\"wp-block-paragraph\"><em>F\u00f6rfattarna Mats Parner (till v\u00e4nster) och Stefan Widqvist (till h\u00f6ger) flankerar NWT:s kulturredakt\u00f6r Lena Richardson och mig.<\/em><\/p>\n\n\n\n<p class=\"has-medium-font-size wp-block-paragraph\"><strong>(10 minuters inledning)<\/strong><\/p>\n\n\n\n<p class=\"wp-block-paragraph\">Jag \u00e4r en gammal 68. Precis som Mats Parner och Stefan Widqvist.<\/p>\n\n\n\n<p class=\"wp-block-paragraph\">Det var en viktig tid, dom d\u00e4r \u00e5ren 1967-1973. Den tidens r\u00f6relser, id\u00e9er och inst\u00e4llning kom att f\u00f6r\u00e4ndra Sverige mer \u00e4n vi vanligtvis t\u00e4nker p\u00e5.<\/p>\n\n\n\n<p class=\"wp-block-paragraph\">F\u00f6r att citera mig sj\u00e4lv p\u00e5 Facebook f\u00f6r ett antal \u00e5r sedan:<br><em>\u201dJag beg\u00e4r inte att ni som \u00e4r f\u00f6dda efter 1956 ska f\u00f6rst\u00e5, men sp\u00e4nnande var det den g\u00e5ngen. I dag \u00e4r vi alla goda demokrater men k\u00e4re Marx vad vi f\u00f6r\u00e4ndrade er v\u00e4rld s\u00e5 ni kunde bli punkare, h\u00e5rdrockare, facebookare, instagramn\u00f6rdar. Ser du en 60-plussare p\u00e5 gatan, kyss hennes f\u00f6tter. Den tanten kan ha v\u00e4nt din v\u00e4rld.\u201d<\/em><\/p>\n\n\n\n<p class=\"wp-block-paragraph\">Vad som h\u00e4nde var att vi l\u00e4rde oss t\u00e4nka kritiskt.<br>Vi skapade r\u00f6relser som Vietnamr\u00f6relsen med \u00f6ver 200 lokala FNL-grupper \u00f6ver hela landet. Musikr\u00f6relsen kom, med m\u00e4ngder av lokala spelst\u00e4llen f\u00f6r proggmusiken.<br>Vi l\u00e4rde oss se att det fanns fattiga och rika l\u00e4nder. Och m\u00e4nniskor.<br>B\u00f6cker som Maja Ekel\u00f6fs Rapport fr\u00e5n en skurhink gavs ut.<br>Det utvecklades en mer kritisk och ifr\u00e5gas\u00e4ttande journalistik.<br>Du-reformen kom, den ska man inte f\u00f6rringa.<br>Vi fick fackliga lagar som LAS, MBL och arbetsmilj\u00f6lagen.<\/p>\n\n\n\n<p class=\"wp-block-paragraph\">Fick s\u00e4ger jag. Egentligen handlar det ju om att vi k\u00e4mpade oss till f\u00f6r\u00e4ndringarna.<br>Tillsammans, skriver Stefan Widqvist i ett av breven. Det var tillsammans som vi fick igenom f\u00f6r\u00e4ndringarna d\u00e5 och det \u00e4r tillsammans vi kan g\u00f6ra det nu.<br>Tillsammans.<\/p>\n\n\n\n<p class=\"wp-block-paragraph\">Vi trodde p\u00e5 framtiden.<\/p>\n\n\n\n<p class=\"wp-block-paragraph\">Samtidigt finns det s\u00e5dant jag inte saknar med de \u00e5ren. F\u00f6r mig k\u00e4nns Mats och Stefans brevv\u00e4xling befriande p\u00e5 den punkten. H\u00e4r finns inget av 1968 \u00e5rs testuggande. Texterna \u00e4r betydligt mer uppfriskande.<br>Tack f\u00f6r det.<\/p>\n\n\n\n<p class=\"wp-block-paragraph\"><strong><u>D\u00e5<\/u><\/strong> skulle Stefan och Mats ha kunnat kasta teser p\u00e5 varandra om demokratisk centralism, arbetarklassens kampenhet eller synen p\u00e5 enhetsfronten.<\/p>\n\n\n\n<p class=\"wp-block-paragraph\"><strong><u>Nu<\/u><\/strong> skriver dom l\u00e4sv\u00e4rda och debattglada debattartiklar i V\u00e4rmlands Folkblad i st\u00e4llet. I en tid n\u00e4r lokalpolitiken har blivit en kommunal n\u00e4mnd, inte en r\u00f6relse.<br>Eller s\u00e5 skriver dom eftert\u00e4nksamma brev till varandra.<\/p>\n\n\n\n<p class=\"wp-block-paragraph\">Bra.  Jag tycker om <a href=\"https:\/\/bokforlaget.com\/produkt\/4221\/\" data-type=\"link\" data-id=\"https:\/\/bokforlaget.com\/produkt\/4221\/\">den h\u00e4r boken.<\/a> Den \u00e4r ett samtal, inte en uppvisning i grenen \u201dJag har r\u00e4tt och du har fel\u201d.<\/p>\n\n\n\n<p class=\"wp-block-paragraph\">Redan formen \u00e4r uppfriskande. Dom kunde ha skickat sms. Skrivit snabba inl\u00e4gg p\u00e5 blogg eller Facebook, skickat korta messengermeddelanden eller n\u00e5gon annan sorts f\u00f6rkortade och stressade elektriska f\u00f6rs\u00e4ndelser.<br>S\u00e5 d\u00e4r som \u00e4ven vi \u00e4ldre herrar g\u00f6r nuf\u00f6rtiden.<\/p>\n\n\n\n<p class=\"wp-block-paragraph\">Nej, l\u00e5nga brev skriver dom. Tryckta i pappersbok. Mats har till och med skrivit sina brev f\u00f6r hand f\u00f6rst med penna och papper f\u00f6rst.<br>Tack f\u00f6r det.<\/p>\n\n\n\n<p class=\"wp-block-paragraph\">Breven pendlar mellan stort och sm\u00e5tt, f\u00f6r detta \u00e4r tv\u00e5 bildade herrar med n\u00e4ra till politik och id\u00e9historia.<\/p>\n\n\n\n<p class=\"wp-block-paragraph\">Stefan skriver:<br><em>\u201dMitt eget gl\u00e4djefyllda, solidariska \u201968\u2019 var ett s\u00f6kande efter ett nytt s\u00e4tt att leva tillsammans med en sj\u00e4lvklar f\u00f6rhoppning som bar p\u00e5 en ljusare framtid, d\u00e4r det oj\u00e4mlika samh\u00e4llet skulle f\u00f6rpassas till soptippen.<\/em><br><em>Det har nu ersatts med pessimism, men likv\u00e4l ocks\u00e5 en f\u00f6rsiktig optimism hos mig sj\u00e4lv.<\/em><br><em>V\u00e4rlden \u00e4r m\u00f6jlig att f\u00f6r\u00e4ndra trots allt.\u201d<\/em><\/p>\n\n\n\n<p class=\"wp-block-paragraph\">Mats skriver:<br><em>\u201dDet \u00e4r inte alls s\u00e5 att jag v\u00e4nder Karl Marx ryggen. Om du har f\u00e5tt den uppfattningen, s\u00e5 \u00e4r en kraftfull dementi p\u00e5 sin plats.<\/em><\/p>\n\n\n\n<p class=\"wp-block-paragraph\"><em>Givet min egen politiska historia, och givet l\u00e4get i Sverige och i v\u00e4rlden i detta s\u00e5 onda tidevarv \u2013 det \u00e4r ofattbart ont \u2013 t\u00e4nker jag dock \u00e4gna mitt resterande krut och mina \u00e5terst\u00e5ende kulor till att bek\u00e4mpa det sverigedemokratiska el\u00e4ndet, de ryska invasionsf\u00f6rbanden samt, inte minst, de obotliga klimatf\u00f6rnekarna snarare \u00e4n att sl\u00e5 n\u00e4varna blodiga mot den kapitalism som, likt Harry Houdini, alltid tycks kapabel att bryta sig ut och bana sig ny v\u00e4g.\u201d<\/em><\/p>\n\n\n\n<p class=\"wp-block-paragraph\">D\u00e4r var det slut p\u00e5 citatet fr\u00e5n honom.<\/p>\n\n\n\n<p class=\"wp-block-paragraph\">Tidsandan var det ja. Det kom ju en motr\u00f6relse. Till slut hade Svenska Arbetsgivaref\u00f6reningen tr\u00f6ttnat p\u00e5 68. Tr\u00f6ttnat p\u00e5 att snart sagt varenda debattbok skrevs av en f\u00f6rfattare med v\u00e4nstersympatier. Svaret blev bland annat kampanjen <strong>Satsa p\u00e5 dig sj\u00e4lv<\/strong> \u00e5r 1979 med Frida i ABBA och hockeyspelaren Lill-Pr\u00f6jsarn Nilsson som galjonsfigurer.<\/p>\n\n\n\n<p class=\"wp-block-paragraph\">Ibland k\u00e4nns det som om den kampanjen forts\u00e4tter \u00e4n i dag. N\u00e4r mina barn var sm\u00e5 blev vi kallade till f\u00f6r\u00e4ldram\u00f6te. Men det var inte f\u00f6r\u00e4ldraf\u00f6reningen som bj\u00f6d in. Inte Hem &amp; Skola. Det var Arbetsgruppen f\u00f6r entrepren\u00f6rskap i skolan.<\/p>\n\n\n\n<p class=\"wp-block-paragraph\">Vi lever i en tid som sett den digitala selfien f\u00f6das och f\u00e5 masspridning.<br>En tid av l\u00e4ppf\u00f6rstoringar, fr\u00e4mlingsfientlighet och n\u00e4that.<br>N\u00e4r tv\u00e5 mot en p\u00e5 en skolg\u00e5rd inte n\u00f6dv\u00e4ndigtvis \u00e4r fegt. Det kan vara bra odds ocks\u00e5.<br>N\u00e4r vissa tidningar l\u00e4gger ner sina fotoavdelningar och kultursidor (och\/eller recensionsavdelningar) och ers\u00e4tter dom med klickr\u00e4kning.<br>N\u00e4r det kr\u00e4vs 90 st\u00e4derskor f\u00f6r att tj\u00e4na lika mycket som en h\u00f6gre b\u00f6rs-vd tj\u00e4nar.<br>N\u00e4r m\u00e5nad efter m\u00e5nad \u00e4r den varmaste som n\u00e5gonsin har uppm\u00e4tts p\u00e5 v\u00e5rt klot.<br><br>N\u00e4r det k\u00e4nns som om alla solidariska och medk\u00e4nnande kristna l\u00e4mnat KD.<br>N\u00e4r alla socialliberaler l\u00e4mnat Liberalerna.<br>N\u00e4r alla bildade borgerliga hos Moderaterna tystnat.<br>N\u00e4r centerpartiet sl\u00e4ppt sitt motst\u00e5nd mot k\u00e4rnkraften \u2013 trots att den fortfarande \u00e4r livsfarlig i 100&nbsp;000 \u00e5r.<br>Och \u2013 n\u00e4r det \u00e4r V\u00e4nsterpartiet som st\u00e5r f\u00f6r den radikala sociala demokrati som Socialdemokraterna stod f\u00f6r p\u00e5 1970-talet.<\/p>\n\n\n\n<p class=\"wp-block-paragraph\"><strong>Avslutning<\/strong><br>Det h\u00e4r \u00e4r en intressant bok. L\u00e4s den om ni inte redan har gjort det.<\/p>\n\n\n\n<p class=\"wp-block-paragraph\">Under 68-r\u00f6relsen hade Mats och Stefan olika syn p\u00e5 somligt, om jag minns r\u00e4tt. Numera \u00e4r skillnaderna mindre, \u00e4ven om dom skymtar fram n\u00e4r det g\u00e4ller Ukraina.<\/p>\n\n\n\n<p class=\"wp-block-paragraph\">Till sist vill jag ge en eloge till Hans Kleine. Han g\u00f6r en kulturg\u00e4rning med sitt antikvariat borta p\u00e5 \u00c4lvgatan. Det g\u00f6r han \u00e4ven med sitt engagemang i f\u00f6rlaget Norl\u00e9n &amp; Slottner som har gett ut boken.<\/p>\n\n\n\n<p class=\"wp-block-paragraph\">Tack f\u00f6r det!<\/p>\n\n\n\n<p class=\"wp-block-paragraph\"><a href=\"https:\/\/sven-ove.nu\/?p=27236\" data-type=\"link\" data-id=\"https:\/\/sven-ove.nu\/?p=27236\"><em>Tillbaka till bloggen<\/em><\/a><\/p>\n\n\n\n<p class=\"wp-block-paragraph\"><\/p>\n","protected":false},"excerpt":{"rendered":"<p>N\u00e5gra kommentarer om tidsandan mot bakgrund av Mats Parners och Stefan Widqvists bok Brev. Inledning till ett panelsamtal med Karlstads Bokcaf\u00e9 p\u00e5 Gjuteriet i Karlstad, 12 november 2024. F\u00f6rfattarna Mats Parner (till v\u00e4nster) och Stefan Widqvist (till h\u00f6ger) flankerar NWT:s kulturredakt\u00f6r Lena Richardson och mig. (10 minuters inledning) Jag \u00e4r en gammal 68. Precis som &hellip; <a href=\"https:\/\/sven-ove.nu\/?page_id=27243\" class=\"more-link\">Forts\u00e4tt l\u00e4sa <span class=\"screen-reader-text\">Vi trodde p\u00e5 framtiden<\/span><\/a><\/p>\n","protected":false},"author":1,"featured_media":0,"parent":0,"menu_order":0,"comment_status":"closed","ping_status":"closed","template":"","meta":{"_crdt_document":"","_monsterinsights_skip_tracking":false,"_monsterinsights_sitenote_active":false,"_monsterinsights_sitenote_note":"","_monsterinsights_sitenote_category":0,"footnotes":""},"class_list":["post-27243","page","type-page","status-publish","hentry"],"_links":{"self":[{"href":"https:\/\/sven-ove.nu\/index.php?rest_route=\/wp\/v2\/pages\/27243","targetHints":{"allow":["GET"]}}],"collection":[{"href":"https:\/\/sven-ove.nu\/index.php?rest_route=\/wp\/v2\/pages"}],"about":[{"href":"https:\/\/sven-ove.nu\/index.php?rest_route=\/wp\/v2\/types\/page"}],"author":[{"embeddable":true,"href":"https:\/\/sven-ove.nu\/index.php?rest_route=\/wp\/v2\/users\/1"}],"replies":[{"embeddable":true,"href":"https:\/\/sven-ove.nu\/index.php?rest_route=%2Fwp%2Fv2%2Fcomments&post=27243"}],"version-history":[{"count":8,"href":"https:\/\/sven-ove.nu\/index.php?rest_route=\/wp\/v2\/pages\/27243\/revisions"}],"predecessor-version":[{"id":27257,"href":"https:\/\/sven-ove.nu\/index.php?rest_route=\/wp\/v2\/pages\/27243\/revisions\/27257"}],"wp:attachment":[{"href":"https:\/\/sven-ove.nu\/index.php?rest_route=%2Fwp%2Fv2%2Fmedia&parent=27243"}],"curies":[{"name":"wp","href":"https:\/\/api.w.org\/{rel}","templated":true}]}}