{"id":4018,"date":"2012-12-08T13:29:14","date_gmt":"2012-12-08T12:29:14","guid":{"rendered":"http:\/\/sven-ove.nu\/?page_id=4018"},"modified":"2012-12-29T23:59:39","modified_gmt":"2012-12-29T22:59:39","slug":"flodesskrivande","status":"publish","type":"page","link":"https:\/\/sven-ove.nu\/?page_id=4018","title":{"rendered":"Fl\u00f6desskrivande"},"content":{"rendered":"<p>&#8211; Vet du inte hur du ska b\u00f6rja? sa min chef p\u00e5 Sm\u00e5lands Folkblad. Han s\u00e5g hur jag v\u00e5ndades vid skrivmaskinen, efter att ha kommit hem med en toppengrej.<\/p>\n<p>&#8211; Bara skriv, sa han. Bry dig inte om ifall det \u00e4r b\u00f6rjan eller mitten p\u00e5 historien, bara skriv.<\/p>\n<p>Det l\u00f6ste knutarna. Den metoden g\u00f6r alltid det. Ofta visade det sig att det var sj\u00e4lva br\u00f6dtexten jag skrivit, rakt av. Den beh\u00f6vde bara tv\u00e4ttas lite, efter\u00e5t, och s\u00e5 beh\u00f6vde jag l\u00e4gga till en pigg ingress n\u00e4r det andra var klart. Vid det laget hade jag redan sett vad som borde bli den b\u00e4sta b\u00f6rjan.<\/p>\n<p><strong>F\u00e5r en att slappna av<br \/>\n<\/strong>P\u00e5 s\u00e4tt och vis hade chefen visat mig en journalistisk j\u00f6nk\u00f6pingsvariant av fl\u00f6desskrivande, \u00e4ven om det h\u00e4r var en mer bunden sort.<\/p>\n<p>Fl\u00f6desskrivande, s\u00e5 som vi anv\u00e4nder det i skrivarkurserna, \u00e4r en bra \u00f6vning p\u00e5 flera s\u00e4tt. Du slappnar av och m\u00e5r bra. Det g\u00f6r att du k\u00e4nner dig fri utan krav och v\u00e5gar sl\u00e4ppa dina h\u00e4mningar. \u00a0Du f\u00e5r inspiration och kl\u00e4cker id\u00e9er. Du blir av med skrivkrampen, precis som jag p\u00e5 den d\u00e4r redaktionen p\u00e5 Klostergatan i J\u00f6nk\u00f6ping.<\/p>\n<p><strong> <\/strong><\/p>\n<p><strong>Pennan f\u00e5r inte l\u00e4mna papperet<br \/>\n<\/strong>Ta fram papper och penna och bara skriv. T\u00e4nk inte efter, bara l\u00e5t det fl\u00f6da utan att pennan l\u00e4mnar papperet p\u00e5 hela tiden. Strunta i grammatiken och logiken. Meningarna beh\u00f6ver inte vara korrekta, fastnar du s\u00e5 skriver du sista ordet igen och igen tills du kommer loss och fl\u00f6det s\u00e4tter fart p\u00e5 nytt. Du beh\u00f6ver inte s\u00e4tta punkt om du inte vill. Ju mer du v\u00e5gar sl\u00e4ppa loss, ju mer s\u00e4llan k\u00f6r du fast. G\u00e5 inte tillbaka och r\u00e4tta. Det viktiga \u00e4r att sl\u00e4ppa taget, p\u00e5 s\u00e5 vis p\u00e5minner \u00f6vningen om meditation s\u00e4ger de som vet.<\/p>\n<p><a href=\"https:\/\/sven-ove.nu\/wp-content\/uploads\/2012\/12\/Bl\u00e5-sippor.jpg\"><img loading=\"lazy\" decoding=\"async\" class=\"alignright size-medium wp-image-4019\" title=\"Bl\u00e5 sippor\" src=\"https:\/\/sven-ove.nu\/wp-content\/uploads\/2012\/12\/Bl\u00e5-sippor-221x300.jpg\" alt=\"\" width=\"221\" height=\"300\" srcset=\"https:\/\/sven-ove.nu\/wp-content\/uploads\/2012\/12\/Bl\u00e5-sippor-221x300.jpg 221w, https:\/\/sven-ove.nu\/wp-content\/uploads\/2012\/12\/Bl\u00e5-sippor-755x1024.jpg 755w, https:\/\/sven-ove.nu\/wp-content\/uploads\/2012\/12\/Bl\u00e5-sippor.jpg 981w\" sizes=\"auto, (max-width: 221px) 100vw, 221px\" \/><\/a>Jag k\u00e4nner skribenter som fl\u00f6desskriver varje dag. N\u00e5gra minuter varje morgon eller kv\u00e4ll. Har du sv\u00e5rt att komma ig\u00e5ng? Ibland kan det fungera att v\u00e4lja ut ett ord, en sak eller n\u00e5got annat och utg\u00e5 fr\u00e5n det.<\/p>\n<p>Syftet med \u00f6vningen \u00e4r att f\u00e5 ig\u00e5ng fl\u00f6det, inte att det ska bli en f\u00e4rdig text. Men f\u00f6rv\u00e5nansv\u00e4rt ofta visar det sig \u00e4nd\u00e5 att det g\u00e5r att g\u00e5 tillbaka till fl\u00f6destexten och inspireras av den. Kanske en formulering som f\u00f6der id\u00e9n till en novell eller dikt.<\/p>\n<p>P\u00e5 skrivarkurserna har det fungerat bra att inleda varje pass med fem minuters fl\u00f6desskrivning.<\/p>\n<p><strong>Varje dag i en vecka<br \/>\n<\/strong>F\u00f6r dig som inte g\u00e5r n\u00e5gon skrivarkurs: prova att fl\u00f6desskriva varje dag i en vecka. V\u00e4lj ut en stund p\u00e5 dagen d\u00e5 du har tid och ork att slappna av. F\u00f6r mig fungerar detta b\u00e4st p\u00e5 kv\u00e4llen, innan det \u00e4r dags att sl\u00e4cka f\u00f6r natten.<\/p>\n<p>L\u00e4gg undan resultatet och spara det. N\u00e4r veckan \u00e4r \u00f6ver tar du fram blocket och l\u00e4ser fl\u00f6destexterna. L\u00e5t dem inspirera dig. Kanske till nya texter? Kanske till att forts\u00e4tta med fl\u00f6desskrivandet, som en sorts skribentens svar p\u00e5 l\u00f6parens uppv\u00e4rmnings\u00f6vningar innan sj\u00e4lva l\u00f6ppasset?<\/p>\n<p>&nbsp;<\/p>\n<p style=\"text-align: right;\"><em><a href=\"https:\/\/sven-ove.nu\/?page_id=3981\">Tillbaka till Skrivarkurser<\/a><\/em><\/p>\n","protected":false},"excerpt":{"rendered":"<p>&#8211; Vet du inte hur du ska b\u00f6rja? sa min chef p\u00e5 Sm\u00e5lands Folkblad. Han s\u00e5g hur jag v\u00e5ndades vid skrivmaskinen, efter att ha kommit hem med en toppengrej. &#8211; Bara skriv, sa han. Bry dig inte om ifall det \u00e4r b\u00f6rjan eller mitten p\u00e5 historien, bara skriv. Det l\u00f6ste knutarna. Den metoden g\u00f6r alltid &hellip; <a href=\"https:\/\/sven-ove.nu\/?page_id=4018\" class=\"more-link\">Forts\u00e4tt l\u00e4sa <span class=\"screen-reader-text\">Fl\u00f6desskrivande<\/span><\/a><\/p>\n","protected":false},"author":1,"featured_media":0,"parent":3981,"menu_order":0,"comment_status":"closed","ping_status":"closed","template":"","meta":{"_crdt_document":"","_monsterinsights_skip_tracking":false,"_monsterinsights_sitenote_active":false,"_monsterinsights_sitenote_note":"","_monsterinsights_sitenote_category":0,"footnotes":""},"class_list":["post-4018","page","type-page","status-publish","hentry"],"_links":{"self":[{"href":"https:\/\/sven-ove.nu\/index.php?rest_route=\/wp\/v2\/pages\/4018","targetHints":{"allow":["GET"]}}],"collection":[{"href":"https:\/\/sven-ove.nu\/index.php?rest_route=\/wp\/v2\/pages"}],"about":[{"href":"https:\/\/sven-ove.nu\/index.php?rest_route=\/wp\/v2\/types\/page"}],"author":[{"embeddable":true,"href":"https:\/\/sven-ove.nu\/index.php?rest_route=\/wp\/v2\/users\/1"}],"replies":[{"embeddable":true,"href":"https:\/\/sven-ove.nu\/index.php?rest_route=%2Fwp%2Fv2%2Fcomments&post=4018"}],"version-history":[{"count":6,"href":"https:\/\/sven-ove.nu\/index.php?rest_route=\/wp\/v2\/pages\/4018\/revisions"}],"predecessor-version":[{"id":4041,"href":"https:\/\/sven-ove.nu\/index.php?rest_route=\/wp\/v2\/pages\/4018\/revisions\/4041"}],"up":[{"embeddable":true,"href":"https:\/\/sven-ove.nu\/index.php?rest_route=\/wp\/v2\/pages\/3981"}],"wp:attachment":[{"href":"https:\/\/sven-ove.nu\/index.php?rest_route=%2Fwp%2Fv2%2Fmedia&parent=4018"}],"curies":[{"name":"wp","href":"https:\/\/api.w.org\/{rel}","templated":true}]}}