{"id":4042,"date":"2012-12-08T15:58:51","date_gmt":"2012-12-08T14:58:51","guid":{"rendered":"http:\/\/sven-ove.nu\/?page_id=4042"},"modified":"2012-12-16T23:17:29","modified_gmt":"2012-12-16T22:17:29","slug":"poesipromenaden","status":"publish","type":"page","link":"https:\/\/sven-ove.nu\/?page_id=4042","title":{"rendered":"Poesipromenaden"},"content":{"rendered":"<p>Jag tror p\u00e5 h\u00f6gl\u00e4sning som ett bra s\u00e4tt att l\u00e4ra sig skriva b\u00e4ttre. Det \u00e4r alltid sanningens \u00f6gonblick n\u00e4r jag som f\u00f6rfattare m\u00f6ter en lyssnande publik.<\/p>\n<p>Ofta r\u00e4cker det att l\u00e4sa h\u00f6gt f\u00f6r en anh\u00f6rig, kanske till och med en som inte \u00e4r s\u00e4rskilt intresserad just d\u00e5. Du h\u00f6r \u00e4nd\u00e5 vad som \u00e4r bra och mindre bra. Sj\u00e4lv har jag m\u00e4rkt att jag g\u00e4rna r\u00e4ttar till texten mitt i h\u00f6gl\u00e4sningen.<\/p>\n<p>D\u00e4rf\u00f6r brukar jag be mina skrivarelever att l\u00e4sa sina texter h\u00f6gt. Det \u00e4r dessutom personlighetsutvecklande, en del av oss \u00e4r ju r\u00e4dda f\u00f6r att st\u00e4lla oss framf\u00f6r en grupp och tala. M\u00e5nga elever har varit r\u00e4dda f\u00f6r att kliva fram men de flesta har gjort det och ofta har de tyckt mycket om det efter\u00e5t.<\/p>\n<p>H\u00e4r \u00e4r en \u00f6vning i att tala inf\u00f6r andra, en sorts skrivarkursens egen lilla r\u00f6stfrig\u00f6ring.<\/p>\n<p><strong>S\u00e5 h\u00e4r g\u00e5r \u00f6vningen till:<br \/>\n<\/strong><em>1.\u00a0 R\u00f6j rummet s\u00e5 att det blir en fri yta mitt i, s\u00e5 stor som m\u00f6jligt.<\/em><\/p>\n<p><em> <\/em><\/p>\n<p><em><a href=\"https:\/\/sven-ove.nu\/wp-content\/uploads\/2012\/12\/Magistern3.jpg\"><img loading=\"lazy\" decoding=\"async\" class=\"alignleft size-thumbnail wp-image-4057\" title=\"Magistern\" src=\"https:\/\/sven-ove.nu\/wp-content\/uploads\/2012\/12\/Magistern3-150x150.jpg\" alt=\"\" width=\"150\" height=\"150\" \/><\/a>2. Dela ut en varsin dikt till deltagarna. Den b\u00f6r inte vara alltf\u00f6r l\u00e5ng och alla ska ha olika dikter.<\/em><\/p>\n<p><em> <\/em><\/p>\n<p><em>3. L\u00e5t deltagarna samtidigt l\u00e4sa sina dikter h\u00f6gt, medan de g\u00e5r runt i rummet, hit och dit utan att f\u00f6lja varandra.<\/em><\/p>\n<p><em> <\/em><\/p>\n<p><em>4. Be dem l\u00e4sa dikten med r\u00f6sten:<\/em><\/p>\n<p><em>&#8211; hos en predikande pr\u00e4st (visa hur, pr\u00e4s-ter ta-lar med bin-de-streck)<br \/>\n<\/em><em>&#8211; hos en officer inf\u00f6r trupp (visa hur, peka med hela handen, H\u00d6G r\u00f6st!)<br \/>\n<\/em><em>&#8211; hos Jarl Kulle (svensk sk\u00e5despelare av det tydligt artikulerande slaget)<br \/>\n<\/em><em>&#8211; hos en f\u00f6rskoll\u00e4rare som har samling p\u00e5 dagis<br \/>\n<\/em><em>&#8211; hos sig sj\u00e4lva<\/em><\/p>\n<p><em> <\/em><\/p>\n<p><em>Du f\u00f6rklarar en r\u00f6st i taget och l\u00e5ter dem sedan g\u00e5 runt och l\u00e4sa var och en sin dikt, samtidigt, med just pr\u00e4str\u00f6sten, officersr\u00f6sten osv. S\u00e5 fort de har l\u00e4st den en g\u00e5ng b\u00f6rjar de om fr\u00e5n b\u00f6rjan, g\u00e5ng p\u00e5 g\u00e5ng. Allra sist ska de l\u00e4sa den, s\u00e5 som de sj\u00e4lva skulle vilja l\u00e4sa dikten.<\/em><\/p>\n<p><em> <\/em><\/p>\n<p><em>5. Avbryt promenerandet. L\u00e5t var och en g\u00e5 fram och l\u00e4sa sin dikt p\u00e5 sitt s\u00e4tt, en i taget. Appl\u00e5dera.<\/em><\/p>\n<p><strong>Grannarna undrar<br \/>\n<\/strong>Det brukar v\u00e4cka viss f\u00f6rundran hos de som finns i rummet intill, n\u00e4r mina skrivarelever b\u00f6rjar trava runt i lektionssalen och l\u00e4sa dikter med h\u00f6g r\u00f6st. \u00c4nnu mer undrar de n\u00e4r \u00f6vningen sedan \u00f6verg\u00e5r i appl\u00e5der och glada tillrop.<\/p>\n<p>Prova inte \u00f6vningen utomhus, det gjorde jag en g\u00e5ng och det var inte lika bra. R\u00f6stfrig\u00f6ringen funkar b\u00e4st med ekande v\u00e4ggar strax intill.<\/p>\n<p>H\u00e4r \u00e4r n\u00e5gra dikter jag brukar anv\u00e4nda: Sardinen p\u00e5 tunnelbanan, Werner Aspenstr\u00f6m, F\u00f6rlorat barn, Elmer Diktonius, T\u00e4nk alla millioner \u00e5r, Barbro Lindgren, Ett bloss, Charlotte Blay, M\u00f6te med en folkhop, Alf Henrikson, T\u00e5rer i \u00f6ga, Gunnar Ehne, Privat, Gunde Johansson, Bakom centrum, Bodil Malmsten, I en japansk snickarverkstad, Jan Erik Vold och\u00a0Varning! av Jenny Joseph.<\/p>\n<p>&nbsp;<\/p>\n<p style=\"text-align: right;\"><em><a href=\"https:\/\/sven-ove.nu\/?page_id=3981\">Tillbaka till Skrivarkurser<\/a><\/em><\/p>\n<p>&nbsp;<\/p>\n","protected":false},"excerpt":{"rendered":"<p>Jag tror p\u00e5 h\u00f6gl\u00e4sning som ett bra s\u00e4tt att l\u00e4ra sig skriva b\u00e4ttre. Det \u00e4r alltid sanningens \u00f6gonblick n\u00e4r jag som f\u00f6rfattare m\u00f6ter en lyssnande publik. Ofta r\u00e4cker det att l\u00e4sa h\u00f6gt f\u00f6r en anh\u00f6rig, kanske till och med en som inte \u00e4r s\u00e4rskilt intresserad just d\u00e5. Du h\u00f6r \u00e4nd\u00e5 vad som \u00e4r bra och &hellip; <a href=\"https:\/\/sven-ove.nu\/?page_id=4042\" class=\"more-link\">Forts\u00e4tt l\u00e4sa <span class=\"screen-reader-text\">Poesipromenaden<\/span><\/a><\/p>\n","protected":false},"author":1,"featured_media":0,"parent":3981,"menu_order":0,"comment_status":"closed","ping_status":"closed","template":"","meta":{"_crdt_document":"","_monsterinsights_skip_tracking":false,"_monsterinsights_sitenote_active":false,"_monsterinsights_sitenote_note":"","_monsterinsights_sitenote_category":0,"footnotes":""},"class_list":["post-4042","page","type-page","status-publish","hentry"],"_links":{"self":[{"href":"https:\/\/sven-ove.nu\/index.php?rest_route=\/wp\/v2\/pages\/4042","targetHints":{"allow":["GET"]}}],"collection":[{"href":"https:\/\/sven-ove.nu\/index.php?rest_route=\/wp\/v2\/pages"}],"about":[{"href":"https:\/\/sven-ove.nu\/index.php?rest_route=\/wp\/v2\/types\/page"}],"author":[{"embeddable":true,"href":"https:\/\/sven-ove.nu\/index.php?rest_route=\/wp\/v2\/users\/1"}],"replies":[{"embeddable":true,"href":"https:\/\/sven-ove.nu\/index.php?rest_route=%2Fwp%2Fv2%2Fcomments&post=4042"}],"version-history":[{"count":10,"href":"https:\/\/sven-ove.nu\/index.php?rest_route=\/wp\/v2\/pages\/4042\/revisions"}],"predecessor-version":[{"id":4047,"href":"https:\/\/sven-ove.nu\/index.php?rest_route=\/wp\/v2\/pages\/4042\/revisions\/4047"}],"up":[{"embeddable":true,"href":"https:\/\/sven-ove.nu\/index.php?rest_route=\/wp\/v2\/pages\/3981"}],"wp:attachment":[{"href":"https:\/\/sven-ove.nu\/index.php?rest_route=%2Fwp%2Fv2%2Fmedia&parent=4042"}],"curies":[{"name":"wp","href":"https:\/\/api.w.org\/{rel}","templated":true}]}}