{"id":444,"date":"2011-12-11T15:57:57","date_gmt":"2011-12-11T14:57:57","guid":{"rendered":"http:\/\/sven-ove.nu\/?page_id=444"},"modified":"2017-04-18T07:16:51","modified_gmt":"2017-04-18T06:16:51","slug":"definition-2","status":"publish","type":"page","link":"https:\/\/sven-ove.nu\/?page_id=444","title":{"rendered":"Definition"},"content":{"rendered":"<p>Det finns bara en regel: tv\u00e5 f\u00f6tter i luften samtidigt vid vissa tillf\u00e4llen under f\u00f6rflyttning, oftast fram\u00e5t. Allt annat \u00e4r oviktigt.<\/p>\n<p>D\u00e5 \u00e4r du\u00a0<strong>l\u00f6pare<\/strong>.<\/p>\n<p>Nu kan en trestegshoppare Olsson fr\u00e5n v\u00e4stkusten visserligen p\u00e5st\u00e5 att det han g\u00f6r passar in p\u00e5 definitionen. Mitt svar \u00e4r att tresteg och h\u00f6jdhopp ocks\u00e5 \u00e4r l\u00f6pning. Dessa syssels\u00e4ttningar \u00e4r de d\u00e5ligt uth\u00e5lligas variant av den gamla fina grenen Korta lopp.<\/p>\n<p><strong>Fr\u00e5n stenstod till tokrus<br \/>\n<\/strong>Fr\u00e5gan om hur l\u00f6pning ska definieras diskuteras hela tiden i l\u00f6parnas himmel och joggarnas forum. H\u00e4r \u00e4r en skala fr\u00e5n <span style=\"color: #0000ff;\"><a style=\"color: #0000ff;\" href=\"http:\/\/lenamjohansson.se\/skriverier\/\" target=\"_blank\">Lena M Johansson<\/a><\/span>\u00a0som jag fann p\u00e5 ett forum och har \u00e4ndrat n\u00e5got lite. Hon b\u00f6rjar stilla och \u00f6kar:<\/p>\n<p>1. Stenstod<br \/>\n2. G\u00e5r att rubba<br \/>\n3. S\u00e4lstadiet<br \/>\n4. \u00c5lning medelst hasning<br \/>\n5. Stappla<br \/>\n6. Sl\u00e4pa<br \/>\n7. Hasa<br \/>\n8. Lufsa<br \/>\n9. Lunka<br \/>\n10. Stappeljogga<br \/>\n11. Jogga<br \/>\n12. Mala<br \/>\n13. Harva<br \/>\n14. Trippa<br \/>\n15. L\u00f6pa<br \/>\n16. Flyt<br \/>\n17. \u00c4lga<br \/>\n18. Sk\u00e4gga<br \/>\n19. Sprinta<br \/>\n20. Rusha<br \/>\n21. Tokrusa<\/p>\n<p>Mitt m\u00e5l \u00e4r alltid\u00a0<strong><span style=\"color: #0000ff;\"><a style=\"color: #0000ff;\" href=\"https:\/\/sven-ove.nu\/?page_id=102\">niv\u00e5 16<\/a><\/span>. <\/strong>N\u00e4r detta skrivs har vinterns sn\u00f6pulsningss\u00e4song just b\u00f6rjat, och d\u00e5 \u00e4r det sv\u00e5rare att f\u00e5 flyt.<\/p>\n<p><em>Fotnot: Sedan skalan konstruerades har en l\u00f6pform till uppt\u00e4ckts, den som vissa tycker \u00e4r n\u00e4stan allra viktigast, ber\u00e4ttar Lena M, n\u00e4mligen att flumlalla. Fundera p\u00e5 var du vill placera den p\u00e5 skalan.<\/em><\/p>\n<p style=\"text-align: right;\"><em><strong>L\u00c4S MER:<br \/>\n<\/strong><span style=\"color: #0000ff;\"><a style=\"color: #0000ff;\" href=\"https:\/\/sven-ove.nu\/?page_id=102\">Meny f\u00f6r alla l\u00f6psidorna<\/a><\/span><\/em><\/p>\n","protected":false},"excerpt":{"rendered":"<p>Det finns bara en regel: tv\u00e5 f\u00f6tter i luften samtidigt vid vissa tillf\u00e4llen under f\u00f6rflyttning, oftast fram\u00e5t. Allt annat \u00e4r oviktigt. D\u00e5 \u00e4r du\u00a0l\u00f6pare. Nu kan en trestegshoppare Olsson fr\u00e5n v\u00e4stkusten visserligen p\u00e5st\u00e5 att det han g\u00f6r passar in p\u00e5 definitionen. Mitt svar \u00e4r att tresteg och h\u00f6jdhopp ocks\u00e5 \u00e4r l\u00f6pning. Dessa syssels\u00e4ttningar \u00e4r de &hellip; <a href=\"https:\/\/sven-ove.nu\/?page_id=444\" class=\"more-link\">Forts\u00e4tt l\u00e4sa <span class=\"screen-reader-text\">Definition<\/span><\/a><\/p>\n","protected":false},"author":1,"featured_media":0,"parent":102,"menu_order":2,"comment_status":"closed","ping_status":"open","template":"","meta":{"_crdt_document":"","_monsterinsights_skip_tracking":false,"_monsterinsights_sitenote_active":false,"_monsterinsights_sitenote_note":"","_monsterinsights_sitenote_category":0,"footnotes":""},"class_list":["post-444","page","type-page","status-publish","hentry"],"_links":{"self":[{"href":"https:\/\/sven-ove.nu\/index.php?rest_route=\/wp\/v2\/pages\/444","targetHints":{"allow":["GET"]}}],"collection":[{"href":"https:\/\/sven-ove.nu\/index.php?rest_route=\/wp\/v2\/pages"}],"about":[{"href":"https:\/\/sven-ove.nu\/index.php?rest_route=\/wp\/v2\/types\/page"}],"author":[{"embeddable":true,"href":"https:\/\/sven-ove.nu\/index.php?rest_route=\/wp\/v2\/users\/1"}],"replies":[{"embeddable":true,"href":"https:\/\/sven-ove.nu\/index.php?rest_route=%2Fwp%2Fv2%2Fcomments&post=444"}],"version-history":[{"count":22,"href":"https:\/\/sven-ove.nu\/index.php?rest_route=\/wp\/v2\/pages\/444\/revisions"}],"predecessor-version":[{"id":17645,"href":"https:\/\/sven-ove.nu\/index.php?rest_route=\/wp\/v2\/pages\/444\/revisions\/17645"}],"up":[{"embeddable":true,"href":"https:\/\/sven-ove.nu\/index.php?rest_route=\/wp\/v2\/pages\/102"}],"wp:attachment":[{"href":"https:\/\/sven-ove.nu\/index.php?rest_route=%2Fwp%2Fv2%2Fmedia&parent=444"}],"curies":[{"name":"wp","href":"https:\/\/api.w.org\/{rel}","templated":true}]}}