{"id":5479,"date":"2013-04-26T15:47:51","date_gmt":"2013-04-26T14:47:51","guid":{"rendered":"http:\/\/sven-ove.nu\/?page_id=5479"},"modified":"2017-04-18T07:19:40","modified_gmt":"2017-04-18T06:19:40","slug":"lopning-med-ett-syfte-till","status":"publish","type":"page","link":"https:\/\/sven-ove.nu\/?page_id=5479","title":{"rendered":"L\u00f6pning med ett syfte till"},"content":{"rendered":"<p>&#8221;N\u00e5gra s\u00f6ker k\u00e4rlek i sp\u00e5ret eller hitta likasinnade en ny v\u00e4n\u2026&#8221;<\/p>\n<p><strong>L\u00e4nk<\/strong>: <span style=\"color: #0000ff;\"><a style=\"color: #0000ff;\" href=\"http:\/\/tr\u00e4ningochmingel.se\">Tr\u00e4ning &amp; Mingel<\/a><\/span><\/p>\n<p style=\"text-align: right;\"><em><strong>L\u00c4S MER:<br \/>\n<\/strong><span style=\"color: #0000ff;\"><a style=\"color: #0000ff;\" href=\"https:\/\/sven-ove.nu\/?page_id=102\">Meny f\u00f6r alla l\u00f6psidorna<\/a><\/span><\/em><\/p>\n<p>&nbsp;<\/p>\n<p>&nbsp;<\/p>\n<p>&nbsp;<\/p>\n<p>&nbsp;<\/p>\n<p>&nbsp;<\/p>\n<p>&nbsp;<\/p>\n<p><a href=\"https:\/\/sven-ove.nu\/wp-content\/uploads\/2013\/04\/\u00c4ngel-med-pilb\u00e5ge.jpg\"><img loading=\"lazy\" decoding=\"async\" class=\"alignleft size-full wp-image-5507\" title=\"\u00c4ngel med pilb\u00e5ge\" src=\"https:\/\/sven-ove.nu\/wp-content\/uploads\/2013\/04\/\u00c4ngel-med-pilb\u00e5ge.jpg\" alt=\"\" width=\"841\" height=\"388\" srcset=\"https:\/\/sven-ove.nu\/wp-content\/uploads\/2013\/04\/\u00c4ngel-med-pilb\u00e5ge.jpg 841w, https:\/\/sven-ove.nu\/wp-content\/uploads\/2013\/04\/\u00c4ngel-med-pilb\u00e5ge-300x138.jpg 300w\" sizes=\"auto, (max-width: 841px) 100vw, 841px\" \/><\/a><\/p>\n<p style=\"padding-left: 30px;\"><em>Bilden fr\u00e5n www.kidek.se<\/em><\/p>\n","protected":false},"excerpt":{"rendered":"<p>&#8221;N\u00e5gra s\u00f6ker k\u00e4rlek i sp\u00e5ret eller hitta likasinnade en ny v\u00e4n\u2026&#8221; L\u00e4nk: Tr\u00e4ning &amp; Mingel L\u00c4S MER: Meny f\u00f6r alla l\u00f6psidorna &nbsp; &nbsp; &nbsp; &nbsp; &nbsp; &nbsp; Bilden fr\u00e5n www.kidek.se<\/p>\n","protected":false},"author":1,"featured_media":0,"parent":102,"menu_order":8,"comment_status":"closed","ping_status":"closed","template":"","meta":{"_crdt_document":"","_monsterinsights_skip_tracking":false,"_monsterinsights_sitenote_active":false,"_monsterinsights_sitenote_note":"","_monsterinsights_sitenote_category":0,"footnotes":""},"class_list":["post-5479","page","type-page","status-publish","hentry"],"_links":{"self":[{"href":"https:\/\/sven-ove.nu\/index.php?rest_route=\/wp\/v2\/pages\/5479","targetHints":{"allow":["GET"]}}],"collection":[{"href":"https:\/\/sven-ove.nu\/index.php?rest_route=\/wp\/v2\/pages"}],"about":[{"href":"https:\/\/sven-ove.nu\/index.php?rest_route=\/wp\/v2\/types\/page"}],"author":[{"embeddable":true,"href":"https:\/\/sven-ove.nu\/index.php?rest_route=\/wp\/v2\/users\/1"}],"replies":[{"embeddable":true,"href":"https:\/\/sven-ove.nu\/index.php?rest_route=%2Fwp%2Fv2%2Fcomments&post=5479"}],"version-history":[{"count":10,"href":"https:\/\/sven-ove.nu\/index.php?rest_route=\/wp\/v2\/pages\/5479\/revisions"}],"predecessor-version":[{"id":17651,"href":"https:\/\/sven-ove.nu\/index.php?rest_route=\/wp\/v2\/pages\/5479\/revisions\/17651"}],"up":[{"embeddable":true,"href":"https:\/\/sven-ove.nu\/index.php?rest_route=\/wp\/v2\/pages\/102"}],"wp:attachment":[{"href":"https:\/\/sven-ove.nu\/index.php?rest_route=%2Fwp%2Fv2%2Fmedia&parent=5479"}],"curies":[{"name":"wp","href":"https:\/\/api.w.org\/{rel}","templated":true}]}}