{"id":6221,"date":"2013-07-14T08:55:01","date_gmt":"2013-07-14T07:55:01","guid":{"rendered":"http:\/\/sven-ove.nu\/?page_id=6221"},"modified":"2017-04-18T10:33:59","modified_gmt":"2017-04-18T09:33:59","slug":"loparfilosofins-andra-grundsats","status":"publish","type":"page","link":"https:\/\/sven-ove.nu\/?page_id=6221","title":{"rendered":"L\u00f6parfilosofins andra grundsats"},"content":{"rendered":"<p>Du som inte \u00e4r snabb blir inte snabbare med en gps-klocka, men du f\u00e5r snabbare besked om din l\u00e5ngsamhet.<\/p>\n<p style=\"text-align: right;\"><em><strong>L\u00c4S MER:<br \/>\n<\/strong><span style=\"color: #0000ff;\"><a style=\"color: #0000ff;\" href=\"https:\/\/sven-ove.nu\/?page_id=102\">Meny f\u00f6r alla l\u00f6psidorna<\/a><\/span><\/em><\/p>\n<p>&nbsp;<\/p>\n","protected":false},"excerpt":{"rendered":"<p>Du som inte \u00e4r snabb blir inte snabbare med en gps-klocka, men du f\u00e5r snabbare besked om din l\u00e5ngsamhet. L\u00c4S MER: Meny f\u00f6r alla l\u00f6psidorna &nbsp;<\/p>\n","protected":false},"author":1,"featured_media":0,"parent":102,"menu_order":8,"comment_status":"closed","ping_status":"closed","template":"","meta":{"_crdt_document":"","_monsterinsights_skip_tracking":false,"_monsterinsights_sitenote_active":false,"_monsterinsights_sitenote_note":"","_monsterinsights_sitenote_category":0,"footnotes":""},"class_list":["post-6221","page","type-page","status-publish","hentry"],"_links":{"self":[{"href":"https:\/\/sven-ove.nu\/index.php?rest_route=\/wp\/v2\/pages\/6221","targetHints":{"allow":["GET"]}}],"collection":[{"href":"https:\/\/sven-ove.nu\/index.php?rest_route=\/wp\/v2\/pages"}],"about":[{"href":"https:\/\/sven-ove.nu\/index.php?rest_route=\/wp\/v2\/types\/page"}],"author":[{"embeddable":true,"href":"https:\/\/sven-ove.nu\/index.php?rest_route=\/wp\/v2\/users\/1"}],"replies":[{"embeddable":true,"href":"https:\/\/sven-ove.nu\/index.php?rest_route=%2Fwp%2Fv2%2Fcomments&post=6221"}],"version-history":[{"count":6,"href":"https:\/\/sven-ove.nu\/index.php?rest_route=\/wp\/v2\/pages\/6221\/revisions"}],"predecessor-version":[{"id":17681,"href":"https:\/\/sven-ove.nu\/index.php?rest_route=\/wp\/v2\/pages\/6221\/revisions\/17681"}],"up":[{"embeddable":true,"href":"https:\/\/sven-ove.nu\/index.php?rest_route=\/wp\/v2\/pages\/102"}],"wp:attachment":[{"href":"https:\/\/sven-ove.nu\/index.php?rest_route=%2Fwp%2Fv2%2Fmedia&parent=6221"}],"curies":[{"name":"wp","href":"https:\/\/api.w.org\/{rel}","templated":true}]}}