{"id":8394,"date":"2014-03-03T19:30:47","date_gmt":"2014-03-03T18:30:47","guid":{"rendered":"http:\/\/sven-ove.nu\/?page_id=8394"},"modified":"2014-03-03T19:41:45","modified_gmt":"2014-03-03T18:41:45","slug":"tre-saker-kravs-for-att-bli-forfattare","status":"publish","type":"page","link":"https:\/\/sven-ove.nu\/?page_id=8394","title":{"rendered":"Tre saker kr\u00e4vs f\u00f6r att bli f\u00f6rfattare"},"content":{"rendered":"<p>En kv\u00e4ll, n\u00e4r vi grillar korv i skogen, sl\u00e5r det mig varf\u00f6r jag beh\u00f6vde jobba fyra \u00e5r som SOS-operat\u00f6r och \u00e5tta \u00e5r p\u00e5 R\u00e4ddningsverket. Det var f\u00f6r att l\u00e4ra mig vad som kr\u00e4vs f\u00f6r att t\u00e4nda en brasa.<\/p>\n<p style=\"padding-left: 30px;\"><b>Svaret \u00e4r att det kr\u00e4vs tre saker.\u00a0Precis de samma som du beh\u00f6ver f\u00f6r att kunna skriva. Syre, tillr\u00e4ckligt h\u00f6g temperatur och br\u00e4nnbart material.<\/b><\/p>\n<p><b>Vill du bli bra?<br \/>\n<\/b>Ska du sedan bli bra p\u00e5 att skriva \u00e4r det tre saker till du m\u00e5ste t\u00e4nka p\u00e5. Du m\u00e5ste ha talang f\u00f6r det, du m\u00e5ste l\u00e4sa mycket och du m\u00e5ste skriva mycket.<\/p>\n<p>V\u00e4rre \u00e4r det inte. Inte l\u00e4ttare heller.<br \/>\nL\u00e4s mycket. Skriv mycket.<\/p>\n<p>&nbsp;<\/p>\n<p><a href=\"https:\/\/sven-ove.nu\/wp-content\/uploads\/2014\/01\/Brasan.jpg\"><img loading=\"lazy\" decoding=\"async\" class=\"size-medium wp-image-8114 alignleft\" alt=\"Brasan\" src=\"https:\/\/sven-ove.nu\/wp-content\/uploads\/2014\/01\/Brasan-298x300.jpg\" width=\"298\" height=\"300\" srcset=\"https:\/\/sven-ove.nu\/wp-content\/uploads\/2014\/01\/Brasan-298x300.jpg 298w, https:\/\/sven-ove.nu\/wp-content\/uploads\/2014\/01\/Brasan-150x150.jpg 150w, https:\/\/sven-ove.nu\/wp-content\/uploads\/2014\/01\/Brasan.jpg 602w\" sizes=\"auto, (max-width: 298px) 100vw, 298px\" \/><\/a><\/p>\n","protected":false},"excerpt":{"rendered":"<p>En kv\u00e4ll, n\u00e4r vi grillar korv i skogen, sl\u00e5r det mig varf\u00f6r jag beh\u00f6vde jobba fyra \u00e5r som SOS-operat\u00f6r och \u00e5tta \u00e5r p\u00e5 R\u00e4ddningsverket. Det var f\u00f6r att l\u00e4ra mig vad som kr\u00e4vs f\u00f6r att t\u00e4nda en brasa. Svaret \u00e4r att det kr\u00e4vs tre saker.\u00a0Precis de samma som du beh\u00f6ver f\u00f6r att kunna skriva. Syre, &hellip; <a href=\"https:\/\/sven-ove.nu\/?page_id=8394\" class=\"more-link\">Forts\u00e4tt l\u00e4sa <span class=\"screen-reader-text\">Tre saker kr\u00e4vs f\u00f6r att bli f\u00f6rfattare<\/span><\/a><\/p>\n","protected":false},"author":1,"featured_media":0,"parent":1385,"menu_order":1,"comment_status":"closed","ping_status":"open","template":"","meta":{"_crdt_document":"","_monsterinsights_skip_tracking":false,"_monsterinsights_sitenote_active":false,"_monsterinsights_sitenote_note":"","_monsterinsights_sitenote_category":0,"footnotes":""},"class_list":["post-8394","page","type-page","status-publish","hentry"],"_links":{"self":[{"href":"https:\/\/sven-ove.nu\/index.php?rest_route=\/wp\/v2\/pages\/8394","targetHints":{"allow":["GET"]}}],"collection":[{"href":"https:\/\/sven-ove.nu\/index.php?rest_route=\/wp\/v2\/pages"}],"about":[{"href":"https:\/\/sven-ove.nu\/index.php?rest_route=\/wp\/v2\/types\/page"}],"author":[{"embeddable":true,"href":"https:\/\/sven-ove.nu\/index.php?rest_route=\/wp\/v2\/users\/1"}],"replies":[{"embeddable":true,"href":"https:\/\/sven-ove.nu\/index.php?rest_route=%2Fwp%2Fv2%2Fcomments&post=8394"}],"version-history":[{"count":7,"href":"https:\/\/sven-ove.nu\/index.php?rest_route=\/wp\/v2\/pages\/8394\/revisions"}],"predecessor-version":[{"id":8401,"href":"https:\/\/sven-ove.nu\/index.php?rest_route=\/wp\/v2\/pages\/8394\/revisions\/8401"}],"up":[{"embeddable":true,"href":"https:\/\/sven-ove.nu\/index.php?rest_route=\/wp\/v2\/pages\/1385"}],"wp:attachment":[{"href":"https:\/\/sven-ove.nu\/index.php?rest_route=%2Fwp%2Fv2%2Fmedia&parent=8394"}],"curies":[{"name":"wp","href":"https:\/\/api.w.org\/{rel}","templated":true}]}}